{"id":3648,"date":"2023-04-13T14:39:05","date_gmt":"2023-04-13T12:39:05","guid":{"rendered":"https:\/\/preprod.milco.ch\/?page_id=3648"},"modified":"2023-12-19T14:59:38","modified_gmt":"2023-12-19T13:59:38","slug":"creme-double-milco-recettes","status":"publish","type":"page","link":"https:\/\/preprod.milco.ch\/?page_id=3648","title":{"rendered":"Cr\u00e8me double"},"content":{"rendered":"\n[et_pb_section fb_built=\u00a0\u00bb1&Prime; _builder_version=\u00a0\u00bb4.19.5&Prime; _module_preset=\u00a0\u00bbdefault\u00a0\u00bb background_image=\u00a0\u00bbhttps:\/\/preprod.milco.ch\/wp-content\/uploads\/2023\/06\/iStock-624987030-scaled.jpg\u00a0\u00bb background_position=\u00a0\u00bbbottom_center\u00a0\u00bb background_vertical_offset=\u00a0\u00bb64%\u00a0\u00bb min_height=\u00a0\u00bb350px\u00a0\u00bb global_colors_info=\u00a0\u00bb{}\u00a0\u00bb][\/et_pb_section][et_pb_section fb_built=\u00a0\u00bb1&Prime; _builder_version=\u00a0\u00bb4.19.5&Prime; _module_preset=\u00a0\u00bbdefault\u00a0\u00bb global_colors_info=\u00a0\u00bb{}\u00a0\u00bb][et_pb_row _builder_version=\u00a0\u00bb4.19.5&Prime; _module_preset=\u00a0\u00bbdefault\u00a0\u00bb background_color=\u00a0\u00bbrgba(143,143,143,0.08)\u00a0\u00bb width=\u00a0\u00bb100%\u00a0\u00bb max_width=\u00a0\u00bb2560px\u00a0\u00bb min_height=\u00a0\u00bb111px\u00a0\u00bb custom_margin=\u00a0\u00bb-54px||||false|false\u00a0\u00bb global_colors_info=\u00a0\u00bb{}\u00a0\u00bb][et_pb_column type=\u00a0\u00bb4_4&Prime; _builder_version=\u00a0\u00bb4.17.6&Prime; _module_preset=\u00a0\u00bbdefault\u00a0\u00bb global_colors_info=\u00a0\u00bb{}\u00a0\u00bb][et_pb_text _builder_version=\u00a0\u00bb4.19.5&Prime; _module_preset=\u00a0\u00bbdefault\u00a0\u00bb header_font_size=\u00a0\u00bb74px\u00a0\u00bb custom_padding=\u00a0\u00bb||0px|||\u00a0\u00bb global_colors_info=\u00a0\u00bb{}\u00a0\u00bb]<h1 style=\"text-align: center;\">Cr\u00e8me Double<\/h1>[\/et_pb_text][\/et_pb_column][\/et_pb_row][\/et_pb_section][et_pb_section fb_built=\u00a0\u00bb1&Prime; _builder_version=\u00a0\u00bb4.19.5&Prime; _module_preset=\u00a0\u00bbdefault\u00a0\u00bb min_height=\u00a0\u00bb489.4px\u00a0\u00bb global_colors_info=\u00a0\u00bb{}\u00a0\u00bb][et_pb_row make_equal=\u00a0\u00bbon\u00a0\u00bb module_id=\u00a0\u00bbcreme-double\u00a0\u00bb _builder_version=\u00a0\u00bb4.19.5&Prime; _module_preset=\u00a0\u00bbdefault\u00a0\u00bb min_height=\u00a0\u00bb498px\u00a0\u00bb custom_padding=\u00a0\u00bb||0px|||\u00a0\u00bb global_colors_info=\u00a0\u00bb{}\u00a0\u00bb][et_pb_column type=\u00a0\u00bb4_4&Prime; _builder_version=\u00a0\u00bb4.17.6&Prime; _module_preset=\u00a0\u00bbdefault\u00a0\u00bb global_colors_info=\u00a0\u00bb{}\u00a0\u00bb][dica_divi_carousel loop=\u00a0\u00bbon\u00a0\u00bb autoplay=\u00a0\u00bbon\u00a0\u00bb hoverpause=\u00a0\u00bbon\u00a0\u00bb autoplay_speed=\u00a0\u00bb2000&Prime; arrow_nav=\u00a0\u00bbon\u00a0\u00bb item_spacing=\u00a0\u00bb40&Prime; item_vertical_align=\u00a0\u00bbflex-end\u00a0\u00bb lazy_loading=\u00a0\u00bbon\u00a0\u00bb advanced_effect=\u00a0\u00bb1&Prime; arrow_bg_color=\u00a0\u00bbrgba(255,255,255,0)\u00a0\u00bb _builder_version=\u00a0\u00bb4.19.5&Prime; _module_preset=\u00a0\u00bbdefault\u00a0\u00bb title_text_align=\u00a0\u00bbcenter\u00a0\u00bb hover_enabled=\u00a0\u00bb0&Prime; global_colors_info=\u00a0\u00bb{}\u00a0\u00bb sticky_enabled=\u00a0\u00bb0&Prime;][dica_divi_carouselitem title=\u00a0\u00bbCr\u00e8me double\u00a0\u00bb sub_title=\u00a0\u00bb1l\u00a0\u00bb button_url_new_window=\u00a0\u00bb1&Prime; title_position=\u00a0\u00bbbottom\u00a0\u00bb subtitle_position=\u00a0\u00bbbottom\u00a0\u00bb _builder_version=\u00a0\u00bb4.19.5&Prime; _module_preset=\u00a0\u00bbdefault\u00a0\u00bb subtitle_text_align=\u00a0\u00bbcenter\u00a0\u00bb subtitle_font_size=\u00a0\u00bb14px\u00a0\u00bb subtitle_line_height=\u00a0\u00bb1em\u00a0\u00bb global_colors_info=\u00a0\u00bb{}\u00a0\u00bb]<p><img decoding=\"async\" src=\"https:\/\/preprod.milco.ch\/wp-content\/uploads\/2022\/10\/milco_double_creme_1l_1772_pix-1024x1024.png\" width=\"1024\" height=\"1024\" alt=\"\" class=\"wp-image-2188 alignnone size-large\" srcset=\"https:\/\/preprod.milco.ch\/wp-content\/uploads\/2022\/10\/milco_double_creme_1l_1772_pix-980x980.png 980w, https:\/\/preprod.milco.ch\/wp-content\/uploads\/2022\/10\/milco_double_creme_1l_1772_pix-480x480.png 480w\" sizes=\"(min-width: 0px) and (max-width: 480px) 480px, (min-width: 481px) and (max-width: 980px) 980px, (min-width: 981px) 1024px, 100vw\" \/><\/p>[\/dica_divi_carouselitem][dica_divi_carouselitem title=\u00a0\u00bbCr\u00e8me double\u00a0\u00bb sub_title=\u00a0\u00bb3dl\u00a0\u00bb button_url_new_window=\u00a0\u00bb1&Prime; title_position=\u00a0\u00bbbottom\u00a0\u00bb subtitle_position=\u00a0\u00bbbottom\u00a0\u00bb _builder_version=\u00a0\u00bb4.19.5&Prime; _module_preset=\u00a0\u00bbdefault\u00a0\u00bb subtitle_text_align=\u00a0\u00bbcenter\u00a0\u00bb subtitle_font_size=\u00a0\u00bb14px\u00a0\u00bb subtitle_letter_spacing_tablet=\u00a0\u00bb\u00a0\u00bb subtitle_letter_spacing_phone=\u00a0\u00bb\u00a0\u00bb subtitle_letter_spacing_last_edited=\u00a0\u00bbon|desktop\u00a0\u00bb global_colors_info=\u00a0\u00bb{}\u00a0\u00bb]<p><img decoding=\"async\" src=\"https:\/\/preprod.milco.ch\/wp-content\/uploads\/2022\/01\/milco_double_creme_3dl_HD-1024x1024.jpg\" width=\"1024\" height=\"1024\" alt=\"produit\" class=\"wp-image-1286 alignnone size-large\" srcset=\"https:\/\/preprod.milco.ch\/wp-content\/uploads\/2022\/01\/milco_double_creme_3dl_HD-980x980.jpg 980w, https:\/\/preprod.milco.ch\/wp-content\/uploads\/2022\/01\/milco_double_creme_3dl_HD-480x480.jpg 480w\" sizes=\"(min-width: 0px) and (max-width: 480px) 480px, (min-width: 481px) and (max-width: 980px) 980px, (min-width: 981px) 1024px, 100vw\" \/><\/p>[\/dica_divi_carouselitem][dica_divi_carouselitem title=\u00a0\u00bbCr\u00e8me double\u00a0\u00bb sub_title=\u00a0\u00bb2dl\u00a0\u00bb button_url_new_window=\u00a0\u00bb1&Prime; title_position=\u00a0\u00bbbottom\u00a0\u00bb subtitle_position=\u00a0\u00bbbottom\u00a0\u00bb _builder_version=\u00a0\u00bb4.19.5&Prime; _module_preset=\u00a0\u00bbdefault\u00a0\u00bb subtitle_text_align=\u00a0\u00bbcenter\u00a0\u00bb subtitle_font_size=\u00a0\u00bb14px\u00a0\u00bb global_colors_info=\u00a0\u00bb{}\u00a0\u00bb]<p><img decoding=\"async\" src=\"https:\/\/preprod.milco.ch\/wp-content\/uploads\/2022\/10\/milco_double_creme_2dl_1772_pix-1024x1024.png\" width=\"1024\" height=\"1024\" alt=\"\" class=\"wp-image-2492 alignnone size-large\" srcset=\"https:\/\/preprod.milco.ch\/wp-content\/uploads\/2022\/10\/milco_double_creme_2dl_1772_pix-980x980.png 980w, https:\/\/preprod.milco.ch\/wp-content\/uploads\/2022\/10\/milco_double_creme_2dl_1772_pix-480x480.png 480w\" sizes=\"(min-width: 0px) and (max-width: 480px) 480px, (min-width: 481px) and (max-width: 980px) 980px, (min-width: 981px) 1024px, 100vw\" \/><\/p>[\/dica_divi_carouselitem][dica_divi_carouselitem title=\u00a0\u00bbD\u00e9lices de la Gruy\u00e8re\u00a0\u00bb sub_title=\u00a0\u00bbCr\u00e8me double 3dl et 6 meringues\u00a0\u00bb button_url_new_window=\u00a0\u00bb1&Prime; image=\u00a0\u00bbhttps:\/\/preprod.milco.ch\/wp-content\/uploads\/2022\/01\/delices_de_la_gruyere_2017_HD-scaled.jpg\u00a0\u00bb title_position=\u00a0\u00bbbottom\u00a0\u00bb subtitle_position=\u00a0\u00bbbottom\u00a0\u00bb _builder_version=\u00a0\u00bb4.23.1&Prime; _module_preset=\u00a0\u00bbdefault\u00a0\u00bb header_line_height=\u00a0\u00bb1em\u00a0\u00bb subtitle_text_align=\u00a0\u00bbcenter\u00a0\u00bb subtitle_font_size=\u00a0\u00bb14px\u00a0\u00bb subtitle_line_height=\u00a0\u00bb1em\u00a0\u00bb hover_enabled=\u00a0\u00bb0&Prime; global_colors_info=\u00a0\u00bb{}\u00a0\u00bb sticky_enabled=\u00a0\u00bb0&Prime;][\/dica_divi_carouselitem][dica_divi_carouselitem title=\u00a0\u00bbLes Mini-d\u00e9lices de la Gruy\u00e8re\u00a0\u00bb sub_title=\u00a0\u00bbCr\u00e8me double 1dl et mini-meringues\u00a0\u00bb button_url_new_window=\u00a0\u00bb1&Prime; image=\u00a0\u00bbhttps:\/\/preprod.milco.ch\/wp-content\/uploads\/2022\/01\/mini_delices_pack_2017_HD-scaled.jpg\u00a0\u00bb title_position=\u00a0\u00bbbottom\u00a0\u00bb subtitle_position=\u00a0\u00bbbottom\u00a0\u00bb _builder_version=\u00a0\u00bb4.19.5&Prime; _module_preset=\u00a0\u00bbdefault\u00a0\u00bb header_line_height=\u00a0\u00bb1em\u00a0\u00bb subtitle_text_align=\u00a0\u00bbcenter\u00a0\u00bb subtitle_font_size=\u00a0\u00bb14px\u00a0\u00bb subtitle_line_height=\u00a0\u00bb1em\u00a0\u00bb global_colors_info=\u00a0\u00bb{}\u00a0\u00bb][\/dica_divi_carouselitem][\/dica_divi_carousel][\/et_pb_column][\/et_pb_row][et_pb_row _builder_version=\u00a0\u00bb4.16&Prime; _module_preset=\u00a0\u00bbdefault\u00a0\u00bb global_colors_info=\u00a0\u00bb{}\u00a0\u00bb][et_pb_column type=\u00a0\u00bb4_4&Prime; _builder_version=\u00a0\u00bb4.16&Prime; _module_preset=\u00a0\u00bbdefault\u00a0\u00bb global_colors_info=\u00a0\u00bb{}\u00a0\u00bb][et_pb_text _builder_version=\u00a0\u00bb4.17.6&Prime; _module_preset=\u00a0\u00bbdefault\u00a0\u00bb text_font=\u00a0\u00bbRoboto Condensed||||||||\u00a0\u00bb text_font_size=\u00a0\u00bb20px\u00a0\u00bb global_colors_info=\u00a0\u00bb{}\u00a0\u00bb]<h2>La production de la cr\u00e8me double :<\/h2>\n<p style=\"margin: 0cm 0cm 7.5pt; text-align: justify;\">La fabrication de la cr\u00e8me double par affleurement sur le lait et pr\u00e9l\u00e8vement \u00e0 la main est r\u00e9siduelle. Elle n&rsquo;est plus pratiqu\u00e9e que dans certains alpages, o\u00f9 l&rsquo;on peut la d\u00e9guster.<br \/>Dans les fromageries artisanales, nous s\u00e9parons la cr\u00e8me d\u2019une partie du lait par centrifugation. Apr\u00e8s une pasteurisation et gr\u00e2ce \u00e0 un processus particulier, elle cristallise pendant plusieurs heures pour atteindre une onctuosit\u00e9 typique. Ce processus permet d&rsquo;obtenir par exemple la Double Cr\u00e8me de la Gruy\u00e8re \u00e0 la consistance et au go\u00fbt si caract\u00e9ristiques et appr\u00e9ci\u00e9s.<\/p>[\/et_pb_text][\/et_pb_column][\/et_pb_row][et_pb_row _builder_version=\u00a0\u00bb4.19.5&Prime; _module_preset=\u00a0\u00bbdefault\u00a0\u00bb global_colors_info=\u00a0\u00bb{}\u00a0\u00bb][et_pb_column type=\u00a0\u00bb4_4&Prime; _builder_version=\u00a0\u00bb4.19.5&Prime; _module_preset=\u00a0\u00bbdefault\u00a0\u00bb global_colors_info=\u00a0\u00bb{}\u00a0\u00bb][et_pb_text _builder_version=\u00a0\u00bb4.19.5&Prime; _module_preset=\u00a0\u00bbdefault\u00a0\u00bb global_colors_info=\u00a0\u00bb{}\u00a0\u00bb]<h2>Histoire<\/h2>\n<p style=\"text-align: justify;\">L&rsquo;utilisation de la cr\u00e8me est tr\u00e8s ancienne. Le Pays de Fribourg est reconnu depuis le 13\u00e8me si\u00e8cle pour son savoir-faire laitier et fromager. <o:p><\/o:p><\/p>\n<p style=\"text-align: justify;\">Il faut sans doute rapporter l&rsquo;importance de la cr\u00e8me dans cette r\u00e9gion \u00e0 l&rsquo;importance de l&rsquo;artisanat fromager, orient\u00e9 sur la fabrication du Gruy\u00e8re. Ce fromage \u00e9tant partiellement \u00e9cr\u00e9m\u00e9, il est probable que l&rsquo;habitude a \u00e9t\u00e9 prise de pr\u00e9lever la couche sup\u00e9rieure de la cr\u00e8me affleurant sur le lait, qui est la plus concentr\u00e9e. Les p\u00e2turages gru\u00e9riens pourraient ainsi avoir fourni une cr\u00e8me reconnue comme particuli\u00e8rement savoureuse.<o:p><\/o:p><\/p>\n<p style=\"text-align: justify;\">L&rsquo;association entre la cr\u00e8me double et la meringue, ainsi que les ustensiles utilis\u00e9s pour la servir (baquets et cuillers en bois sculpt\u00e9s) d\u00e9montrent une insertion solide dans la soci\u00e9t\u00e9 paysanne de la Gruy\u00e8re et des environs (notamment le canton de Fribourg et le Pays d&rsquo;Enhaut vaudois). Cette culture s\u2019est largement \u00e9tendue au-del\u00e0 des fronti\u00e8res fribourgeoises et est reconnu au niveau national.<\/p>[\/et_pb_text][\/et_pb_column][\/et_pb_row][et_pb_row _builder_version=\u00a0\u00bb4.17.6&Prime; _module_preset=\u00a0\u00bbdefault\u00a0\u00bb global_colors_info=\u00a0\u00bb{}\u00a0\u00bb][et_pb_column type=\u00a0\u00bb4_4&Prime; _builder_version=\u00a0\u00bb4.17.6&Prime; _module_preset=\u00a0\u00bbdefault\u00a0\u00bb global_colors_info=\u00a0\u00bb{}\u00a0\u00bb][et_pb_text _builder_version=\u00a0\u00bb4.17.6&Prime; _module_preset=\u00a0\u00bbdefault\u00a0\u00bb global_colors_info=\u00a0\u00bb{}\u00a0\u00bb]<h2>Consommation<\/h2>\n<p style=\"text-align: justify;\">Originellement, les puristes la consomment avec des meringues. Elle est \u00e9galement consomm\u00e9e et appr\u00e9ci\u00e9e accompagn\u00e9e de fruits rouges (comme des framboises, des myrtilles, des raisinets, ou des fraises).<\/p>\n<p style=\"text-align: justify;\">Disponible avec des meringues avec nos D\u00e9lices de la Gruy\u00e8re, id\u00e9al pour les repas de famille, et les mini D\u00e9lices de la Gruy\u00e8re,\u00a0 \u00e0 emporter partout avec soi, au travail ou en voyage !\u00a0<\/p>[\/et_pb_text][\/et_pb_column][\/et_pb_row][et_pb_row _builder_version=\u00a0\u00bb4.21.0&Prime; _module_preset=\u00a0\u00bbdefault\u00a0\u00bb global_colors_info=\u00a0\u00bb{}\u00a0\u00bb][et_pb_column type=\u00a0\u00bb4_4&Prime; _builder_version=\u00a0\u00bb4.21.0&Prime; _module_preset=\u00a0\u00bbdefault\u00a0\u00bb global_colors_info=\u00a0\u00bb{}\u00a0\u00bb][et_pb_cta title=\u00a0\u00bbId\u00e9e de recette\u00a0\u00bb button_url=\u00a0\u00bbhttps:\/\/preprod.milco.ch\/recettes\/\u00a0\u00bb button_text=\u00a0\u00bbRejoignez-nous ici\u00a0\u00bb _builder_version=\u00a0\u00bb4.21.0&Prime; _module_preset=\u00a0\u00bbdefault\u00a0\u00bb header_font=\u00a0\u00bb|800|||||||\u00a0\u00bb header_text_color=\u00a0\u00bb#FFFFFF\u00a0\u00bb header_font_size=\u00a0\u00bb50px\u00a0\u00bb body_text_color=\u00a0\u00bb#000000&Prime; background_color=\u00a0\u00bbRGBA(255,255,255,0)\u00a0\u00bb background_image=\u00a0\u00bbhttps:\/\/preprod.milco.ch\/wp-content\/uploads\/2023\/08\/L1010101.jpg\u00a0\u00bb background_position=\u00a0\u00bbtop_center\u00a0\u00bb background_vertical_offset=\u00a0\u00bb40%\u00a0\u00bb button_alignment=\u00a0\u00bbcenter\u00a0\u00bb border_color_all=\u00a0\u00bb#000000&Prime; global_colors_info=\u00a0\u00bb{}\u00a0\u00bb][\/et_pb_cta][\/et_pb_column][\/et_pb_row][\/et_pb_section]\n","protected":false},"excerpt":{"rendered":"<p>Cr\u00e8me Double<div class=\"et_pb_module dica_divi_carousel dica_divi_carousel_0\">\n\t\t\t\t\n\t\t\t\t\n\t\t\t\t\n\t\t\t\t\n\t\t\t\t\n\t\t\t\t\n\t\t\t\t<div class=\"et_pb_module_inner\">\n\t\t\t\t\t<div class=\"dica-container  desktop_middle-inside tablet_middle-inside mobile_middle-inside\" data-props='{\"desktop\":\"4\",\"tablet\":\"3\",\"mobile\":\"1\",\"speed\":\"500\",\"arrow\":\"on\",\"dots\":\"off\",\"autoplay\":\"on\",\"autoSpeed\":\"2000\",\"loop\":\"on\",\"item_spacing\":\"40\",\"center_mode\":\"off\",\"slider_effec\":\"1\",\"cover_rotate\":\"50\",\"pause_onhover\":\"on\",\"multislide\":\"off\",\"cfshadow\":\"on\",\"order\":\"0\",\"lazyload\":\"on\",\"lazybefore\":\"off\",\"scroller_effect\":\"off\",\"autowidth\":\"off\",\"item_spacing_tablet\":\"40\",\"item_spacing_phone\":\"40\",\"scroller_speed\":\"4000\",\"hashNavigation\":\"off\",\"simulatetouch\":\"off\",\"allowtouchmove\":\"off\"}'>\r\n\t\t\t\t\t\t\t \t<div class=\"swiper-container\">\r\n\t\t\t\t\t\t\t\t\t<div class=\"swiper-wrapper\"><\/div>\t\r\n\t\t\t\t\t\t\t\t<\/div>\t\r\n\t\t\t\t\t\t\t\t<div class=\"swiper-buttton-container\"><div class=\"swiper-button-prev dica-prev-btn-0\" data-icon=\"4\"><\/div><div class=\"swiper-button-next dica-next-btn-0\" data-icon=\"5\"><\/div><\/div>\r\n\t\t\t\t\t\t\t\t\t\t\t\t\t\t\r\n\t\t\t\t\t\t\t<\/div>\n\t\t\t\t<\/div>\n\t\t\t<\/div><div class=\"et_pb_module dica_divi_carouselitem dica_divi_carouselitem_0\">\n\t\t\t\t\n\t\t\t\t\n\t\t\t\t\n\t\t\t\t\n\t\t\t\t\n\t\t\t\t\n\t\t\t\t<div class=\"et_pb_module_inner\">\n\t\t\t\t\t<div class=\"dica-item image_top swiper-lazy loading\"   data-hash=\"dica_divi_carouselitem_0\">\r\n\t\t\t\t\t\t\t\t\t\r\n\t\t\t\t\t\t\t\t\t<div class=\"dica-item-content\">      <h4 class=\"item-title\">Cr\u00e8me double<\/h4> <h6 class=\"item-subtitle\">1l<\/h6> <\/div>\r\n\t\t\t\t\t\t\t<\/div>\n\t\t\t\t<\/div>\n\t\t\t<\/div><div class=\"et_pb_module dica_divi_carouselitem dica_divi_carouselitem_1\">\n\t\t\t\t\n\t\t\t\t\n\t\t\t\t\n\t\t\t\t\n\t\t\t\t\n\t\t\t\t\n\t\t\t\t<div class=\"et_pb_module_inner\">\n\t\t\t\t\t<div class=\"dica-item image_top swiper-lazy loading\"   data-hash=\"dica_divi_carouselitem_1\">\r\n\t\t\t\t\t\t\t\t\t\r\n\t\t\t\t\t\t\t\t\t<div class=\"dica-item-content\">      <h4 class=\"item-title\">Cr\u00e8me double<\/h4> <h6 class=\"item-subtitle\">3dl<\/h6> <\/div>\r\n\t\t\t\t\t\t\t<\/div>\n\t\t\t\t<\/div>\n\t\t\t<\/div><div class=\"et_pb_module dica_divi_carouselitem dica_divi_carouselitem_2\">\n\t\t\t\t\n\t\t\t\t\n\t\t\t\t\n\t\t\t\t\n\t\t\t\t\n\t\t\t\t\n\t\t\t\t<div class=\"et_pb_module_inner\">\n\t\t\t\t\t<div class=\"dica-item image_top swiper-lazy loading\"   data-hash=\"dica_divi_carouselitem_2\">\r\n\t\t\t\t\t\t\t\t\t\r\n\t\t\t\t\t\t\t\t\t<div class=\"dica-item-content\">      <h4 class=\"item-title\">Cr\u00e8me double<\/h4> <h6 class=\"item-subtitle\">2dl<\/h6> <\/div>\r\n\t\t\t\t\t\t\t<\/div>\n\t\t\t\t<\/div>\n\t\t\t<\/div><div class=\"et_pb_module dica_divi_carouselitem dica_divi_carouselitem_3\">\n\t\t\t\t\n\t\t\t\t\n\t\t\t\t\n\t\t\t\t\n\t\t\t\t\n\t\t\t\t\n\t\t\t\t<div class=\"et_pb_module_inner\">\n\t\t\t\t\t<div class=\"dica-item empty-content image_top swiper-lazy loading\"   data-hash=\"dica_divi_carouselitem_3\">\r\n\t\t\t\t\t\t\t\t\t\r\n\t\t\t\t\t\t\t\t\t\r\n\t\t\t\t\t\t\t<\/div>\n\t\t\t\t<\/div>\n\t\t\t<\/div><\/p>\n","protected":false},"author":200466050,"featured_media":0,"parent":0,"menu_order":0,"comment_status":"closed","ping_status":"closed","template":"","meta":{"_et_pb_use_builder":"on","_et_pb_old_content":"<!-- wp:divi\/placeholder \/-->","_et_gb_content_width":"","_coblocks_attr":"","_coblocks_dimensions":"","_coblocks_responsive_height":"","_coblocks_accordion_ie_support":"","footnotes":""},"class_list":["post-3648","page","type-page","status-publish","hentry"],"yoast_head":"<!-- This site is optimized with the Yoast SEO plugin v21.8 - https:\/\/yoast.com\/wordpress\/plugins\/seo\/ -->\n<title>Cr\u00e8me double - Milco<\/title>\n<meta name=\"description\" content=\"D\u00e9couvrez notre cr\u00e8me double de la Gruy\u00e8re onctueuse, parfaite pour sublimer vos recettes pr\u00e9f\u00e9r\u00e9es. La cr\u00e8me double Milco, une touche de perfection pour des moments gourmands inoubliables. Essayez-la d\u00e8s maintenant!\" \/>\n<meta name=\"robots\" content=\"noindex, follow, max-snippet:-1, max-image-preview:large, max-video-preview:-1\" \/>\n<meta property=\"og:locale\" content=\"fr_FR\" \/>\n<meta property=\"og:type\" content=\"article\" \/>\n<meta property=\"og:title\" content=\"Cr\u00e8me double - Milco\" \/>\n<meta property=\"og:description\" content=\"D\u00e9couvrez notre cr\u00e8me double de la Gruy\u00e8re onctueuse, parfaite pour sublimer vos recettes pr\u00e9f\u00e9r\u00e9es. La cr\u00e8me double Milco, une touche de perfection pour des moments gourmands inoubliables. Essayez-la d\u00e8s maintenant!\" \/>\n<meta property=\"og:url\" content=\"https:\/\/preprod.milco.ch\/?page_id=3648\" \/>\n<meta property=\"og:site_name\" content=\"Milco\" \/>\n<meta property=\"article:publisher\" content=\"https:\/\/www.facebook.com\/profile.php?id=100063662438463\" \/>\n<meta property=\"article:modified_time\" content=\"2023-12-19T13:59:38+00:00\" \/>\n<meta property=\"og:image\" content=\"https:\/\/preprod.milco.ch\/wp-content\/uploads\/2022\/10\/milco_double_creme_1l_1772_pix-1024x1024.png\" \/>\n<meta name=\"twitter:card\" content=\"summary_large_image\" \/>\n<meta name=\"twitter:label1\" content=\"Dur\u00e9e de lecture estim\u00e9e\" \/>\n\t<meta name=\"twitter:data1\" content=\"4 minutes\" \/>\n<script type=\"application\/ld+json\" class=\"yoast-schema-graph\">{\"@context\":\"https:\/\/schema.org\",\"@graph\":[{\"@type\":\"WebPage\",\"@id\":\"https:\/\/preprod.milco.ch\/?page_id=3648\",\"url\":\"https:\/\/preprod.milco.ch\/?page_id=3648\",\"name\":\"Cr\u00e8me double - Milco\",\"isPartOf\":{\"@id\":\"https:\/\/preprod.milco.ch\/#website\"},\"datePublished\":\"2023-04-13T12:39:05+00:00\",\"dateModified\":\"2023-12-19T13:59:38+00:00\",\"description\":\"D\u00e9couvrez notre cr\u00e8me double de la Gruy\u00e8re onctueuse, parfaite pour sublimer vos recettes pr\u00e9f\u00e9r\u00e9es. La cr\u00e8me double Milco, une touche de perfection pour des moments gourmands inoubliables. Essayez-la d\u00e8s maintenant!\",\"breadcrumb\":{\"@id\":\"https:\/\/preprod.milco.ch\/?page_id=3648#breadcrumb\"},\"inLanguage\":\"fr-FR\",\"potentialAction\":[{\"@type\":\"ReadAction\",\"target\":[\"https:\/\/preprod.milco.ch\/?page_id=3648\"]}]},{\"@type\":\"BreadcrumbList\",\"@id\":\"https:\/\/preprod.milco.ch\/?page_id=3648#breadcrumb\",\"itemListElement\":[{\"@type\":\"ListItem\",\"position\":1,\"name\":\"Accueil\",\"item\":\"https:\/\/preprod.milco.ch\/\"},{\"@type\":\"ListItem\",\"position\":2,\"name\":\"Cr\u00e8me double\"}]},{\"@type\":\"WebSite\",\"@id\":\"https:\/\/preprod.milco.ch\/#website\",\"url\":\"https:\/\/preprod.milco.ch\/\",\"name\":\"Milco\",\"description\":\"Laiterie \/ Fromagerie du Pays de Fribourg\",\"potentialAction\":[{\"@type\":\"SearchAction\",\"target\":{\"@type\":\"EntryPoint\",\"urlTemplate\":\"https:\/\/preprod.milco.ch\/?s={search_term_string}\"},\"query-input\":\"required name=search_term_string\"}],\"inLanguage\":\"fr-FR\"}]}<\/script>\n<!-- \/ Yoast SEO plugin. -->","yoast_head_json":{"title":"Cr\u00e8me double - Milco","description":"D\u00e9couvrez notre cr\u00e8me double de la Gruy\u00e8re onctueuse, parfaite pour sublimer vos recettes pr\u00e9f\u00e9r\u00e9es. La cr\u00e8me double Milco, une touche de perfection pour des moments gourmands inoubliables. Essayez-la d\u00e8s maintenant!","robots":{"index":"noindex","follow":"follow","max-snippet":"max-snippet:-1","max-image-preview":"max-image-preview:large","max-video-preview":"max-video-preview:-1"},"og_locale":"fr_FR","og_type":"article","og_title":"Cr\u00e8me double - Milco","og_description":"D\u00e9couvrez notre cr\u00e8me double de la Gruy\u00e8re onctueuse, parfaite pour sublimer vos recettes pr\u00e9f\u00e9r\u00e9es. La cr\u00e8me double Milco, une touche de perfection pour des moments gourmands inoubliables. Essayez-la d\u00e8s maintenant!","og_url":"https:\/\/preprod.milco.ch\/?page_id=3648","og_site_name":"Milco","article_publisher":"https:\/\/www.facebook.com\/profile.php?id=100063662438463","article_modified_time":"2023-12-19T13:59:38+00:00","og_image":[{"url":"https:\/\/preprod.milco.ch\/wp-content\/uploads\/2022\/10\/milco_double_creme_1l_1772_pix-1024x1024.png"}],"twitter_card":"summary_large_image","twitter_misc":{"Dur\u00e9e de lecture estim\u00e9e":"4 minutes"},"schema":{"@context":"https:\/\/schema.org","@graph":[{"@type":"WebPage","@id":"https:\/\/preprod.milco.ch\/?page_id=3648","url":"https:\/\/preprod.milco.ch\/?page_id=3648","name":"Cr\u00e8me double - Milco","isPartOf":{"@id":"https:\/\/preprod.milco.ch\/#website"},"datePublished":"2023-04-13T12:39:05+00:00","dateModified":"2023-12-19T13:59:38+00:00","description":"D\u00e9couvrez notre cr\u00e8me double de la Gruy\u00e8re onctueuse, parfaite pour sublimer vos recettes pr\u00e9f\u00e9r\u00e9es. La cr\u00e8me double Milco, une touche de perfection pour des moments gourmands inoubliables. Essayez-la d\u00e8s maintenant!","breadcrumb":{"@id":"https:\/\/preprod.milco.ch\/?page_id=3648#breadcrumb"},"inLanguage":"fr-FR","potentialAction":[{"@type":"ReadAction","target":["https:\/\/preprod.milco.ch\/?page_id=3648"]}]},{"@type":"BreadcrumbList","@id":"https:\/\/preprod.milco.ch\/?page_id=3648#breadcrumb","itemListElement":[{"@type":"ListItem","position":1,"name":"Accueil","item":"https:\/\/preprod.milco.ch\/"},{"@type":"ListItem","position":2,"name":"Cr\u00e8me double"}]},{"@type":"WebSite","@id":"https:\/\/preprod.milco.ch\/#website","url":"https:\/\/preprod.milco.ch\/","name":"Milco","description":"Laiterie \/ Fromagerie du Pays de Fribourg","potentialAction":[{"@type":"SearchAction","target":{"@type":"EntryPoint","urlTemplate":"https:\/\/preprod.milco.ch\/?s={search_term_string}"},"query-input":"required name=search_term_string"}],"inLanguage":"fr-FR"}]}},"amp_enabled":true,"_links":{"self":[{"href":"https:\/\/preprod.milco.ch\/index.php?rest_route=\/wp\/v2\/pages\/3648","targetHints":{"allow":["GET"]}}],"collection":[{"href":"https:\/\/preprod.milco.ch\/index.php?rest_route=\/wp\/v2\/pages"}],"about":[{"href":"https:\/\/preprod.milco.ch\/index.php?rest_route=\/wp\/v2\/types\/page"}],"author":[{"embeddable":true,"href":"https:\/\/preprod.milco.ch\/index.php?rest_route=\/wp\/v2\/users\/200466050"}],"replies":[{"embeddable":true,"href":"https:\/\/preprod.milco.ch\/index.php?rest_route=%2Fwp%2Fv2%2Fcomments&post=3648"}],"version-history":[{"count":0,"href":"https:\/\/preprod.milco.ch\/index.php?rest_route=\/wp\/v2\/pages\/3648\/revisions"}],"wp:attachment":[{"href":"https:\/\/preprod.milco.ch\/index.php?rest_route=%2Fwp%2Fv2%2Fmedia&parent=3648"}],"curies":[{"name":"wp","href":"https:\/\/api.w.org\/{rel}","templated":true}]}}