{"id":3489,"date":"2023-04-12T16:42:05","date_gmt":"2023-04-12T14:42:05","guid":{"rendered":"https:\/\/preprod.milco.ch\/?page_id=3489"},"modified":"2023-12-20T11:53:44","modified_gmt":"2023-12-20T10:53:44","slug":"creme-fraiche_acidulee-20","status":"publish","type":"page","link":"https:\/\/preprod.milco.ch\/?page_id=3489","title":{"rendered":"Cr\u00e8me Fra\u00eeche"},"content":{"rendered":"\n[et_pb_section fb_built=\u00a0\u00bb1&Prime; _builder_version=\u00a0\u00bb4.19.5&Prime; _module_preset=\u00a0\u00bbdefault\u00a0\u00bb background_image=\u00a0\u00bbhttps:\/\/preprod.milco.ch\/wp-content\/uploads\/2023\/06\/iStock-478216754.jpg\u00a0\u00bb min_height=\u00a0\u00bb350px\u00a0\u00bb global_colors_info=\u00a0\u00bb{}\u00a0\u00bb][\/et_pb_section][et_pb_section fb_built=\u00a0\u00bb1&Prime; module_id=\u00a0\u00bbcreme-20&Prime; _builder_version=\u00a0\u00bb4.19.5&Prime; _module_preset=\u00a0\u00bbdefault\u00a0\u00bb global_colors_info=\u00a0\u00bb{}\u00a0\u00bb][et_pb_row _builder_version=\u00a0\u00bb4.19.5&Prime; _module_preset=\u00a0\u00bbdefault\u00a0\u00bb background_color=\u00a0\u00bbrgba(143,143,143,0.08)\u00a0\u00bb width=\u00a0\u00bb100%\u00a0\u00bb max_width=\u00a0\u00bb2560px\u00a0\u00bb min_height=\u00a0\u00bb111px\u00a0\u00bb custom_margin=\u00a0\u00bb-54px||||false|false\u00a0\u00bb global_colors_info=\u00a0\u00bb{}\u00a0\u00bb][et_pb_column type=\u00a0\u00bb4_4&Prime; _builder_version=\u00a0\u00bb4.17.6&Prime; _module_preset=\u00a0\u00bbdefault\u00a0\u00bb global_colors_info=\u00a0\u00bb{}\u00a0\u00bb][et_pb_text _builder_version=\u00a0\u00bb4.19.5&Prime; _module_preset=\u00a0\u00bbdefault\u00a0\u00bb header_font_size=\u00a0\u00bb74px\u00a0\u00bb custom_padding=\u00a0\u00bb||0px|||\u00a0\u00bb global_colors_info=\u00a0\u00bb{}\u00a0\u00bb]<h1 style=\"text-align: center;\">Cr\u00e8me fra\u00eeche 20%<\/h1>[\/et_pb_text][\/et_pb_column][\/et_pb_row][et_pb_row _builder_version=\u00a0\u00bb4.17.6&Prime; _module_preset=\u00a0\u00bbdefault\u00a0\u00bb custom_padding=\u00a0\u00bb||1px|||\u00a0\u00bb global_colors_info=\u00a0\u00bb{}\u00a0\u00bb][et_pb_column type=\u00a0\u00bb4_4&Prime; _builder_version=\u00a0\u00bb4.17.6&Prime; _module_preset=\u00a0\u00bbdefault\u00a0\u00bb global_colors_info=\u00a0\u00bb{}\u00a0\u00bb][dica_divi_carousel show_items_desktop=\u00a0\u00bb1&Prime; show_items_tablet=\u00a0\u00bb1&Prime; centermode=\u00a0\u00bbon\u00a0\u00bb item_spacing=\u00a0\u00bb40&Prime; item_vertical_align=\u00a0\u00bbcenter\u00a0\u00bb advanced_effect=\u00a0\u00bb1&Prime; arrow_bg_color=\u00a0\u00bbrgba(255,255,255,0)\u00a0\u00bb _builder_version=\u00a0\u00bb4.19.5&Prime; _module_preset=\u00a0\u00bbdefault\u00a0\u00bb title_text_align=\u00a0\u00bbcenter\u00a0\u00bb global_colors_info=\u00a0\u00bb{}\u00a0\u00bb][dica_divi_carouselitem title=\u00a0\u00bbCr\u00e8me fra\u00eeche\u00a0\u00bb sub_title=\u00a0\u00bb2.5 dl\u00a0\u00bb button_url_new_window=\u00a0\u00bb1&Prime; title_position=\u00a0\u00bbbottom\u00a0\u00bb subtitle_position=\u00a0\u00bbbottom\u00a0\u00bb _builder_version=\u00a0\u00bb4.19.5&Prime; _dynamic_attributes=\u00a0\u00bblink_option_url\u00a0\u00bb _module_preset=\u00a0\u00bbdefault\u00a0\u00bb header_line_height=\u00a0\u00bb1em\u00a0\u00bb subtitle_text_align=\u00a0\u00bbcenter\u00a0\u00bb subtitle_font_size=\u00a0\u00bb14px\u00a0\u00bb subtitle_line_height=\u00a0\u00bb1em\u00a0\u00bb link_option_url=\u00a0\u00bb@ET-DC@eyJkeW5hbWljIjp0cnVlLCJjb250ZW50IjoicG9zdF9saW5rX3VybF9wYWdlIiwic2V0dGluZ3MiOnsicG9zdF9pZCI6IjM0ODkifX0=@\u00a0\u00bb global_colors_info=\u00a0\u00bb{}\u00a0\u00bb]<p style=\"text-align: center;\"><img decoding=\"async\" src=\"https:\/\/preprod.milco.ch\/wp-content\/uploads\/2023\/06\/Milco_CremeFraiche25_ombre_BH-removebg-preview-250x300.png\" width=\"250\" height=\"300\" alt=\"\" class=\"wp-image-3787 alignnone size-medium\" srcset=\"https:\/\/preprod.milco.ch\/wp-content\/uploads\/2023\/06\/Milco_CremeFraiche25_ombre_BH-removebg-preview-250x300.png 250w, https:\/\/preprod.milco.ch\/wp-content\/uploads\/2023\/06\/Milco_CremeFraiche25_ombre_BH-removebg-preview.png 425w\" sizes=\"(max-width: 250px) 100vw, 250px\" \/><\/p>[\/dica_divi_carouselitem][\/dica_divi_carousel][\/et_pb_column][\/et_pb_row][et_pb_row _builder_version=\u00a0\u00bb4.17.6&Prime; _module_preset=\u00a0\u00bbdefault\u00a0\u00bb global_colors_info=\u00a0\u00bb{}\u00a0\u00bb][et_pb_column type=\u00a0\u00bb4_4&Prime; _builder_version=\u00a0\u00bb4.17.6&Prime; _module_preset=\u00a0\u00bbdefault\u00a0\u00bb global_colors_info=\u00a0\u00bb{}\u00a0\u00bb][et_pb_text _builder_version=\u00a0\u00bb4.17.6&Prime; _module_preset=\u00a0\u00bbdefault\u00a0\u00bb global_colors_info=\u00a0\u00bb{}\u00a0\u00bb]<h3 style=\"text-align: justify;\"><strong>La cr\u00e8me fra\u00eeche acidul\u00e9e, c\u2019est quoi et comment la consommer ?\u00a0<\/strong><\/h3>\n<p style=\"text-align: justify;\">La cr\u00e8me fra\u00eeche acidul\u00e9e r\u00e9sulte d&rsquo;une l\u00e9g\u00e8re acidification de la cr\u00e8me pasteuris\u00e9e par des bact\u00e9ries lactiques. Notre cr\u00e8me fraiche est \u00e9paisse et onctueuse ainsi que son go\u00fbt d\u00e9licatement acidul\u00e9 en font l&rsquo;ingr\u00e9dient incontournable pour vos sauces, potages, dips, pommes de terre, gratins ou encore desserts. C&rsquo;est un produit indispensable, id\u00e9al pour sublimer vos plats en toute l\u00e9g\u00e8ret\u00e9.\u00a0<\/p>[\/et_pb_text][et_pb_cta title=\u00a0\u00bbId\u00e9e de recette\u00a0\u00bb button_url=\u00a0\u00bbhttps:\/\/preprod.milco.ch\/recettes\/#gateau\u00a0\u00bb button_text=\u00a0\u00bbRejoignez-nous ici\u00a0\u00bb _builder_version=\u00a0\u00bb4.19.5&Prime; _module_preset=\u00a0\u00bbdefault\u00a0\u00bb header_font=\u00a0\u00bb|800|||||||\u00a0\u00bb header_text_color=\u00a0\u00bb#FFFFFF\u00a0\u00bb header_font_size=\u00a0\u00bb50px\u00a0\u00bb body_text_color=\u00a0\u00bb#000000&Prime; background_color=\u00a0\u00bbRGBA(255,255,255,0)\u00a0\u00bb background_image=\u00a0\u00bbhttps:\/\/preprod.milco.ch\/wp-content\/uploads\/2023\/06\/iStock-1223138449.jpg\u00a0\u00bb background_position=\u00a0\u00bbtop_center\u00a0\u00bb background_vertical_offset=\u00a0\u00bb48%\u00a0\u00bb button_alignment=\u00a0\u00bbcenter\u00a0\u00bb border_color_all=\u00a0\u00bb#000000&Prime; global_colors_info=\u00a0\u00bb{}\u00a0\u00bb][\/et_pb_cta][\/et_pb_column][\/et_pb_row][\/et_pb_section]\n","protected":false},"excerpt":{"rendered":"<p>Cr\u00e8me fra\u00eeche 20%<div class=\"et_pb_module dica_divi_carousel dica_divi_carousel_0\">\n\t\t\t\t\n\t\t\t\t\n\t\t\t\t\n\t\t\t\t\n\t\t\t\t\n\t\t\t\t\n\t\t\t\t<div class=\"et_pb_module_inner\">\n\t\t\t\t\t<div class=\"dica-container  desktop_middle-inside tablet_middle-inside mobile_middle-inside\" data-props='{\"desktop\":\"1\",\"tablet\":\"1\",\"mobile\":\"1\",\"speed\":\"500\",\"arrow\":\"off\",\"dots\":\"off\",\"autoplay\":\"off\",\"autoSpeed\":\"1000\",\"loop\":\"off\",\"item_spacing\":\"40\",\"center_mode\":\"on\",\"slider_effec\":\"1\",\"cover_rotate\":\"50\",\"pause_onhover\":\"off\",\"multislide\":\"off\",\"cfshadow\":\"on\",\"order\":\"0\",\"lazyload\":\"off\",\"lazybefore\":\"off\",\"scroller_effect\":\"off\",\"autowidth\":\"off\",\"item_spacing_tablet\":\"40\",\"item_spacing_phone\":\"40\",\"scroller_speed\":\"4000\",\"hashNavigation\":\"off\",\"simulatetouch\":\"off\",\"allowtouchmove\":\"off\"}'>\r\n\t\t\t\t\t\t\t \t<div class=\"swiper-container\">\r\n\t\t\t\t\t\t\t\t\t<div class=\"swiper-wrapper\"><div class=\"et_pb_module dica_divi_carouselitem dica_divi_carouselitem_0\">\n\t\t\t\t\n\t\t\t\t\n\t\t\t\t\n\t\t\t\t\n\t\t\t\t\n\t\t\t\t\n\t\t\t\t<div class=\"et_pb_module_inner\">\n\t\t\t\t\t<div class=\"dica-item image_top\"   data-hash=\"dica_divi_carouselitem_0\">\r\n\t\t\t\t\t\t\t\t\t\r\n\t\t\t\t\t\t\t\t\t<div class=\"dica-item-content\">      <h4 class=\"item-title\">Cr\u00e8me fra\u00eeche<\/h4> <h6 class=\"item-subtitle\">2.5 dl<\/h6> <\/div>\r\n\t\t\t\t\t\t\t<\/div>\n\t\t\t\t<\/div>\n\t\t\t<\/div><\/div>\t\r\n\t\t\t\t\t\t\t\t<\/div>\t\r\n\t\t\t\t\t\t\t\t\r\n\t\t\t\t\t\t\t\t\t\t\t\t\t\t\r\n\t\t\t\t\t\t\t<\/div>\n\t\t\t\t<\/div>\n\t\t\t<\/div>La cr\u00e8me fra\u00eeche acidul\u00e9e, c\u2019est quoi et comment la consommer ?\u00a0 La cr\u00e8me fra\u00eeche acidul\u00e9e r\u00e9sulte d&rsquo;une l\u00e9g\u00e8re acidification de la cr\u00e8me pasteuris\u00e9e par des bact\u00e9ries [&hellip;]<\/p>\n","protected":false},"author":200466051,"featured_media":0,"parent":0,"menu_order":0,"comment_status":"closed","ping_status":"closed","template":"","meta":{"_et_pb_use_builder":"on","_et_pb_old_content":"<!-- wp:divi\/placeholder \/-->","_et_gb_content_width":"","_coblocks_attr":"","_coblocks_dimensions":"","_coblocks_responsive_height":"","_coblocks_accordion_ie_support":"","footnotes":""},"class_list":["post-3489","page","type-page","status-publish","hentry"],"yoast_head":"<!-- This site is optimized with the Yoast SEO plugin v21.8 - https:\/\/yoast.com\/wordpress\/plugins\/seo\/ -->\n<title>Cr\u00e8me Fra\u00eeche - Milco<\/title>\n<meta name=\"description\" content=\"Milco vous d\u00e9voile sa cr\u00e8me fra\u00eeche 20%, une d\u00e9licieuse option pour sublimer vos plats avec une touche acidul\u00e9e unique.\" \/>\n<meta name=\"robots\" content=\"noindex, follow, max-snippet:-1, max-image-preview:large, max-video-preview:-1\" \/>\n<meta property=\"og:locale\" content=\"fr_FR\" \/>\n<meta property=\"og:type\" content=\"article\" \/>\n<meta property=\"og:title\" content=\"Cr\u00e8me Fra\u00eeche - Milco\" \/>\n<meta property=\"og:description\" content=\"Milco vous d\u00e9voile sa cr\u00e8me fra\u00eeche 20%, une d\u00e9licieuse option pour sublimer vos plats avec une touche acidul\u00e9e unique.\" \/>\n<meta property=\"og:url\" content=\"https:\/\/preprod.milco.ch\/?page_id=3489\" \/>\n<meta property=\"og:site_name\" content=\"Milco\" \/>\n<meta property=\"article:publisher\" content=\"https:\/\/www.facebook.com\/profile.php?id=100063662438463\" \/>\n<meta property=\"article:modified_time\" content=\"2023-12-20T10:53:44+00:00\" \/>\n<meta property=\"og:image\" content=\"https:\/\/preprod.milco.ch\/wp-content\/uploads\/2023\/06\/Milco_CremeFraiche25_ombre_BH-removebg-preview-250x300.png\" \/>\n<meta name=\"twitter:card\" content=\"summary_large_image\" \/>\n<meta name=\"twitter:label1\" content=\"Dur\u00e9e de lecture estim\u00e9e\" \/>\n\t<meta name=\"twitter:data1\" content=\"2 minutes\" \/>\n<script type=\"application\/ld+json\" class=\"yoast-schema-graph\">{\"@context\":\"https:\/\/schema.org\",\"@graph\":[{\"@type\":\"WebPage\",\"@id\":\"https:\/\/preprod.milco.ch\/?page_id=3489\",\"url\":\"https:\/\/preprod.milco.ch\/?page_id=3489\",\"name\":\"Cr\u00e8me Fra\u00eeche - Milco\",\"isPartOf\":{\"@id\":\"https:\/\/preprod.milco.ch\/#website\"},\"datePublished\":\"2023-04-12T14:42:05+00:00\",\"dateModified\":\"2023-12-20T10:53:44+00:00\",\"description\":\"Milco vous d\u00e9voile sa cr\u00e8me fra\u00eeche 20%, une d\u00e9licieuse option pour sublimer vos plats avec une touche acidul\u00e9e unique.\",\"breadcrumb\":{\"@id\":\"https:\/\/preprod.milco.ch\/?page_id=3489#breadcrumb\"},\"inLanguage\":\"fr-FR\",\"potentialAction\":[{\"@type\":\"ReadAction\",\"target\":[\"https:\/\/preprod.milco.ch\/?page_id=3489\"]}]},{\"@type\":\"BreadcrumbList\",\"@id\":\"https:\/\/preprod.milco.ch\/?page_id=3489#breadcrumb\",\"itemListElement\":[{\"@type\":\"ListItem\",\"position\":1,\"name\":\"Accueil\",\"item\":\"https:\/\/preprod.milco.ch\/\"},{\"@type\":\"ListItem\",\"position\":2,\"name\":\"Cr\u00e8me Fra\u00eeche\"}]},{\"@type\":\"WebSite\",\"@id\":\"https:\/\/preprod.milco.ch\/#website\",\"url\":\"https:\/\/preprod.milco.ch\/\",\"name\":\"Milco\",\"description\":\"Laiterie \/ Fromagerie du Pays de Fribourg\",\"potentialAction\":[{\"@type\":\"SearchAction\",\"target\":{\"@type\":\"EntryPoint\",\"urlTemplate\":\"https:\/\/preprod.milco.ch\/?s={search_term_string}\"},\"query-input\":\"required name=search_term_string\"}],\"inLanguage\":\"fr-FR\"}]}<\/script>\n<!-- \/ Yoast SEO plugin. -->","yoast_head_json":{"title":"Cr\u00e8me Fra\u00eeche - Milco","description":"Milco vous d\u00e9voile sa cr\u00e8me fra\u00eeche 20%, une d\u00e9licieuse option pour sublimer vos plats avec une touche acidul\u00e9e unique.","robots":{"index":"noindex","follow":"follow","max-snippet":"max-snippet:-1","max-image-preview":"max-image-preview:large","max-video-preview":"max-video-preview:-1"},"og_locale":"fr_FR","og_type":"article","og_title":"Cr\u00e8me Fra\u00eeche - Milco","og_description":"Milco vous d\u00e9voile sa cr\u00e8me fra\u00eeche 20%, une d\u00e9licieuse option pour sublimer vos plats avec une touche acidul\u00e9e unique.","og_url":"https:\/\/preprod.milco.ch\/?page_id=3489","og_site_name":"Milco","article_publisher":"https:\/\/www.facebook.com\/profile.php?id=100063662438463","article_modified_time":"2023-12-20T10:53:44+00:00","og_image":[{"url":"https:\/\/preprod.milco.ch\/wp-content\/uploads\/2023\/06\/Milco_CremeFraiche25_ombre_BH-removebg-preview-250x300.png"}],"twitter_card":"summary_large_image","twitter_misc":{"Dur\u00e9e de lecture estim\u00e9e":"2 minutes"},"schema":{"@context":"https:\/\/schema.org","@graph":[{"@type":"WebPage","@id":"https:\/\/preprod.milco.ch\/?page_id=3489","url":"https:\/\/preprod.milco.ch\/?page_id=3489","name":"Cr\u00e8me Fra\u00eeche - Milco","isPartOf":{"@id":"https:\/\/preprod.milco.ch\/#website"},"datePublished":"2023-04-12T14:42:05+00:00","dateModified":"2023-12-20T10:53:44+00:00","description":"Milco vous d\u00e9voile sa cr\u00e8me fra\u00eeche 20%, une d\u00e9licieuse option pour sublimer vos plats avec une touche acidul\u00e9e unique.","breadcrumb":{"@id":"https:\/\/preprod.milco.ch\/?page_id=3489#breadcrumb"},"inLanguage":"fr-FR","potentialAction":[{"@type":"ReadAction","target":["https:\/\/preprod.milco.ch\/?page_id=3489"]}]},{"@type":"BreadcrumbList","@id":"https:\/\/preprod.milco.ch\/?page_id=3489#breadcrumb","itemListElement":[{"@type":"ListItem","position":1,"name":"Accueil","item":"https:\/\/preprod.milco.ch\/"},{"@type":"ListItem","position":2,"name":"Cr\u00e8me Fra\u00eeche"}]},{"@type":"WebSite","@id":"https:\/\/preprod.milco.ch\/#website","url":"https:\/\/preprod.milco.ch\/","name":"Milco","description":"Laiterie \/ Fromagerie du Pays de Fribourg","potentialAction":[{"@type":"SearchAction","target":{"@type":"EntryPoint","urlTemplate":"https:\/\/preprod.milco.ch\/?s={search_term_string}"},"query-input":"required name=search_term_string"}],"inLanguage":"fr-FR"}]}},"amp_enabled":true,"_links":{"self":[{"href":"https:\/\/preprod.milco.ch\/index.php?rest_route=\/wp\/v2\/pages\/3489","targetHints":{"allow":["GET"]}}],"collection":[{"href":"https:\/\/preprod.milco.ch\/index.php?rest_route=\/wp\/v2\/pages"}],"about":[{"href":"https:\/\/preprod.milco.ch\/index.php?rest_route=\/wp\/v2\/types\/page"}],"author":[{"embeddable":true,"href":"https:\/\/preprod.milco.ch\/index.php?rest_route=\/wp\/v2\/users\/200466051"}],"replies":[{"embeddable":true,"href":"https:\/\/preprod.milco.ch\/index.php?rest_route=%2Fwp%2Fv2%2Fcomments&post=3489"}],"version-history":[{"count":0,"href":"https:\/\/preprod.milco.ch\/index.php?rest_route=\/wp\/v2\/pages\/3489\/revisions"}],"wp:attachment":[{"href":"https:\/\/preprod.milco.ch\/index.php?rest_route=%2Fwp%2Fv2%2Fmedia&parent=3489"}],"curies":[{"name":"wp","href":"https:\/\/api.w.org\/{rel}","templated":true}]}}