{"id":3405,"date":"2023-04-12T14:30:26","date_gmt":"2023-04-12T12:30:26","guid":{"rendered":"https:\/\/preprod.milco.ch\/?page_id=3405"},"modified":"2023-07-05T16:30:32","modified_gmt":"2023-07-05T14:30:32","slug":"laits","status":"publish","type":"page","link":"https:\/\/preprod.milco.ch\/?page_id=3405","title":{"rendered":"Laits"},"content":{"rendered":"<p>[et_pb_section fb_built=\u00a0\u00bb1&Prime; _builder_version=\u00a0\u00bb4.19.5&Prime; _module_preset=\u00a0\u00bbdefault\u00a0\u00bb background_image=\u00a0\u00bbhttps:\/\/preprod.milco.ch\/wp-content\/uploads\/2023\/06\/iStock-1455422953.jpg\u00a0\u00bb background_position=\u00a0\u00bbbottom_center\u00a0\u00bb background_vertical_offset=\u00a0\u00bb50%\u00a0\u00bb min_height=\u00a0\u00bb350px\u00a0\u00bb global_colors_info=\u00a0\u00bb{}\u00a0\u00bb][\/et_pb_section][et_pb_section fb_built=\u00a0\u00bb1&Prime; module_id=\u00a0\u00bblait\u00a0\u00bb _builder_version=\u00a0\u00bb4.17.6&Prime; _module_preset=\u00a0\u00bbdefault\u00a0\u00bb background_enable_color=\u00a0\u00bboff\u00a0\u00bb global_colors_info=\u00a0\u00bb{}\u00a0\u00bb][et_pb_row _builder_version=\u00a0\u00bb4.17.6&Prime; _module_preset=\u00a0\u00bbdefault\u00a0\u00bb background_color=\u00a0\u00bbrgba(143,143,143,0.08)\u00a0\u00bb width=\u00a0\u00bb100%\u00a0\u00bb max_width=\u00a0\u00bb2560px\u00a0\u00bb custom_margin=\u00a0\u00bb-54px||||false|false\u00a0\u00bb global_colors_info=\u00a0\u00bb{}\u00a0\u00bb][et_pb_column type=\u00a0\u00bb4_4&Prime; _builder_version=\u00a0\u00bb4.17.6&Prime; _module_preset=\u00a0\u00bbdefault\u00a0\u00bb global_colors_info=\u00a0\u00bb{}\u00a0\u00bb][et_pb_text _builder_version=\u00a0\u00bb4.17.6&Prime; _module_preset=\u00a0\u00bbdefault\u00a0\u00bb hover_enabled=\u00a0\u00bb0&Prime; global_colors_info=\u00a0\u00bb{}\u00a0\u00bb sticky_enabled=\u00a0\u00bb0&Prime;]<\/p>\n<h1 style=\"text-align: center;\">Notre lait pasteuris\u00e9<\/h1>\n<p>[\/et_pb_text][\/et_pb_column][\/et_pb_row][et_pb_row _builder_version=\u00a0\u00bb4.17.6&Prime; _module_preset=\u00a0\u00bbdefault\u00a0\u00bb global_colors_info=\u00a0\u00bb{}\u00a0\u00bb][et_pb_column type=\u00a0\u00bb4_4&Prime; _builder_version=\u00a0\u00bb4.17.6&Prime; _module_preset=\u00a0\u00bbdefault\u00a0\u00bb global_colors_info=\u00a0\u00bb{}\u00a0\u00bb][dica_divi_carousel loop=\u00a0\u00bbon\u00a0\u00bb autoplay=\u00a0\u00bbon\u00a0\u00bb hoverpause=\u00a0\u00bbon\u00a0\u00bb autoplay_speed=\u00a0\u00bb2000&Prime; arrow_nav=\u00a0\u00bbon\u00a0\u00bb item_spacing=\u00a0\u00bb40&Prime; item_vertical_align=\u00a0\u00bbflex-end\u00a0\u00bb advanced_effect=\u00a0\u00bb1&Prime; arrow_bg_color=\u00a0\u00bbrgba(255,255,255,0)\u00a0\u00bb _builder_version=\u00a0\u00bb4.19.5&Prime; _module_preset=\u00a0\u00bbdefault\u00a0\u00bb title_text_align=\u00a0\u00bbcenter\u00a0\u00bb global_colors_info=\u00a0\u00bb{}\u00a0\u00bb][dica_divi_carouselitem title=\u00a0\u00bbLait drink\u00a0\u00bb sub_title=\u00a0\u00bb1l\u00a0\u00bb button_url_new_window=\u00a0\u00bb1&Prime; title_position=\u00a0\u00bbbottom\u00a0\u00bb subtitle_position=\u00a0\u00bbbottom\u00a0\u00bb _builder_version=\u00a0\u00bb4.19.5&Prime; _module_preset=\u00a0\u00bbdefault\u00a0\u00bb subtitle_text_align=\u00a0\u00bbcenter\u00a0\u00bb subtitle_font_size=\u00a0\u00bb14px\u00a0\u00bb subtitle_line_height=\u00a0\u00bb1em\u00a0\u00bb link_option_url=\u00a0\u00bbhttps:\/\/preprod.milco.ch\/laits\/#laits\u00a0\u00bb global_colors_info=\u00a0\u00bb{}\u00a0\u00bb]<\/p>\n<p><img decoding=\"async\" src=\"https:\/\/preprod.milco.ch\/wp-content\/uploads\/2023\/06\/lait_frais_bouteille_1l_drink_BD-150x300.png\" width=\"150\" height=\"300\" alt=\"\" class=\"wp-image-3794 alignnone size-medium\" style=\"display: block; margin-left: auto; margin-right: auto;\" \/><\/p>\n<p>[\/dica_divi_carouselitem][dica_divi_carouselitem title=\u00a0\u00bbLait entier\u00a0\u00bb sub_title=\u00a0\u00bb1l\u00a0\u00bb button_url_new_window=\u00a0\u00bb1&Prime; title_position=\u00a0\u00bbbottom\u00a0\u00bb subtitle_position=\u00a0\u00bbbottom\u00a0\u00bb _builder_version=\u00a0\u00bb4.19.5&Prime; _module_preset=\u00a0\u00bbdefault\u00a0\u00bb subtitle_text_align=\u00a0\u00bbcenter\u00a0\u00bb subtitle_font_size=\u00a0\u00bb14px\u00a0\u00bb link_option_url=\u00a0\u00bbhttps:\/\/preprod.milco.ch\/laits\/#laits\u00a0\u00bb subtitle_letter_spacing_tablet=\u00a0\u00bb\u00a0\u00bb subtitle_letter_spacing_phone=\u00a0\u00bb\u00a0\u00bb subtitle_letter_spacing_last_edited=\u00a0\u00bbon|desktop\u00a0\u00bb global_colors_info=\u00a0\u00bb{}\u00a0\u00bb]<\/p>\n<p style=\"text-align: center;\"><img decoding=\"async\" src=\"https:\/\/preprod.milco.ch\/wp-content\/uploads\/2023\/06\/lait_frais_bouteille_1l_entier_BD-150x300.png\" width=\"150\" height=\"300\" alt=\"\" class=\"wp-image-3795 alignnone size-medium\" \/><\/p>\n<p>[\/dica_divi_carouselitem][dica_divi_carouselitem title=\u00a0\u00bbLait bio\u00a0\u00bb sub_title=\u00a0\u00bb1l\u00a0\u00bb button_url_new_window=\u00a0\u00bb1&Prime; title_position=\u00a0\u00bbbottom\u00a0\u00bb subtitle_position=\u00a0\u00bbbottom\u00a0\u00bb _builder_version=\u00a0\u00bb4.19.5&Prime; _module_preset=\u00a0\u00bbdefault\u00a0\u00bb subtitle_text_align=\u00a0\u00bbcenter\u00a0\u00bb subtitle_font_size=\u00a0\u00bb14px\u00a0\u00bb global_colors_info=\u00a0\u00bb{}\u00a0\u00bb]<\/p>\n<p style=\"text-align: center;\"><img decoding=\"async\" src=\"https:\/\/preprod.milco.ch\/wp-content\/uploads\/2023\/06\/lait_frais_bouteille_1l_bio_HD-150x300.png\" width=\"150\" height=\"300\" alt=\"\" class=\"wp-image-3796 alignnone size-medium\" \/><\/p>\n<p>[\/dica_divi_carouselitem][dica_divi_carouselitem title=\u00a0\u00bbLait bio\u00a0\u00bb sub_title=\u00a0\u00bb0.5l\u00a0\u00bb button_url_new_window=\u00a0\u00bb1&Prime; title_position=\u00a0\u00bbbottom\u00a0\u00bb subtitle_position=\u00a0\u00bbbottom\u00a0\u00bb _builder_version=\u00a0\u00bb4.19.5&Prime; _module_preset=\u00a0\u00bbdefault\u00a0\u00bb header_line_height=\u00a0\u00bb1em\u00a0\u00bb subtitle_text_align=\u00a0\u00bbcenter\u00a0\u00bb subtitle_font_size=\u00a0\u00bb14px\u00a0\u00bb subtitle_line_height=\u00a0\u00bb1em\u00a0\u00bb link_option_url=\u00a0\u00bbhttps:\/\/preprod.milco.ch\/laits\/#laits\u00a0\u00bb global_colors_info=\u00a0\u00bb{}\u00a0\u00bb]<\/p>\n<p><img decoding=\"async\" src=\"https:\/\/preprod.milco.ch\/wp-content\/uploads\/2023\/06\/milco_lait_frais_bio_05l_2022_visuel_BD-225x300.png\" width=\"154\" height=\"206\" alt=\"\" class=\"wp-image-3797 alignnone size-medium\" style=\"display: block; margin-left: auto; margin-right: auto;\" \/><\/p>\n<p>[\/dica_divi_carouselitem][\/dica_divi_carousel][\/et_pb_column][\/et_pb_row][et_pb_row _builder_version=\u00a0\u00bb4.16&Prime; _module_preset=\u00a0\u00bbdefault\u00a0\u00bb custom_margin=\u00a0\u00bb-42px|auto||auto||\u00a0\u00bb global_colors_info=\u00a0\u00bb{}\u00a0\u00bb][et_pb_column type=\u00a0\u00bb4_4&Prime; _builder_version=\u00a0\u00bb4.16&Prime; _module_preset=\u00a0\u00bbdefault\u00a0\u00bb global_colors_info=\u00a0\u00bb{}\u00a0\u00bb][et_pb_text _builder_version=\u00a0\u00bb4.17.6&Prime; _module_preset=\u00a0\u00bbdefault\u00a0\u00bb text_font=\u00a0\u00bbRoboto Condensed||||||||\u00a0\u00bb text_font_size=\u00a0\u00bb20px\u00a0\u00bb global_colors_info=\u00a0\u00bb{}\u00a0\u00bb]<\/p>\n<p style=\"text-align: justify;\">Notre lait pasteuris\u00e9 est collect\u00e9 quotidiennement aupr\u00e8s d&rsquo;environ 80 exploitations agricoles exclusivement du pays de Fribourg, soit dans un rayon de moins de <strong>25<\/strong> km autour de notre site de production. Nous collaborons avec la plupart de ces exploitations depuis de tr\u00e8s nombreuses ann\u00e9es. Nous travaillons \u00e0 entretenir une relation de confiance r\u00e9ciproque et de transparence avec nos producteurs. Le but \u00e9tant de p\u00e9renniser cette relation.<span><\/span><\/p>\n<p style=\"text-align: justify;\">\n<p>[\/et_pb_text][\/et_pb_column][\/et_pb_row][et_pb_row column_structure=\u00a0\u00bb1_2,1_2&Prime; _builder_version=\u00a0\u00bb4.19.5&Prime; _module_preset=\u00a0\u00bbdefault\u00a0\u00bb min_height=\u00a0\u00bb370.3px\u00a0\u00bb custom_padding=\u00a0\u00bb||1px|||\u00a0\u00bb global_colors_info=\u00a0\u00bb{}\u00a0\u00bb][et_pb_column type=\u00a0\u00bb1_2&Prime; _builder_version=\u00a0\u00bb4.19.5&Prime; _module_preset=\u00a0\u00bbdefault\u00a0\u00bb global_colors_info=\u00a0\u00bb{}\u00a0\u00bb][et_pb_text _builder_version=\u00a0\u00bb4.19.5&Prime; _module_preset=\u00a0\u00bbdefault\u00a0\u00bb global_colors_info=\u00a0\u00bb{}\u00a0\u00bb]<\/p>\n<p style=\"text-align: justify;\">Milco propose une gamme de laits frais pasteuris\u00e9s provenant de fermes du Pays de Fribourg. Cette r\u00e9gion des Pr\u00e9alpes fribourgeoises est tr\u00e8s riche au niveau de la diversit\u00e9 florale ce qui nous permet d\u2019obtenir un produit de haute qualit\u00e9.<\/p>\n<p>[\/et_pb_text][et_pb_image src=\u00a0\u00bbhttps:\/\/preprod.milco.ch\/wp-content\/uploads\/2023\/06\/iStock-1319819071-removebg-preview-1.png\u00a0\u00bb title_text=\u00a0\u00bbiStock-1319819071-removebg-preview (1)\u00a0\u00bb _builder_version=\u00a0\u00bb4.19.5&Prime; _module_preset=\u00a0\u00bbdefault\u00a0\u00bb width=\u00a0\u00bb46%\u00a0\u00bb module_alignment=\u00a0\u00bbcenter\u00a0\u00bb global_colors_info=\u00a0\u00bb{}\u00a0\u00bb][\/et_pb_image][\/et_pb_column][et_pb_column type=\u00a0\u00bb1_2&Prime; _builder_version=\u00a0\u00bb4.19.5&Prime; _module_preset=\u00a0\u00bbdefault\u00a0\u00bb global_colors_info=\u00a0\u00bb{}\u00a0\u00bb][et_pb_image src=\u00a0\u00bbhttps:\/\/preprod.milco.ch\/wp-content\/uploads\/2023\/02\/IPS_Logo_rgb.png\u00a0\u00bb title_text=\u00a0\u00bbIPS_Logo_rgb\u00a0\u00bb _builder_version=\u00a0\u00bb4.19.5&Prime; _module_preset=\u00a0\u00bbdefault\u00a0\u00bb width=\u00a0\u00bb37%\u00a0\u00bb module_alignment=\u00a0\u00bbcenter\u00a0\u00bb global_colors_info=\u00a0\u00bb{}\u00a0\u00bb][\/et_pb_image][et_pb_text _builder_version=\u00a0\u00bb4.19.5&Prime; _module_preset=\u00a0\u00bbdefault\u00a0\u00bb global_colors_info=\u00a0\u00bb{}\u00a0\u00bb]<\/p>\n<p style=\"text-align: justify;\">Derni\u00e8rement, notre gamme de lait conventionnelle (entier et drink) est certifi\u00e9 IP-Suisse. Ce label t\u00e9moigne de la volont\u00e9 d\u2019encourager une production locale et durable.<\/p>\n<p style=\"text-align: justify;\"><span>Par exemple, le lait des pr\u00e9s IP-Suisse garantit :<br \/>\u00b7Une alimentation des bovins sans apport de Soja et qui privil\u00e9gie l\u2019herbage et le foin comme alimentation de base<br \/>\u00b7Sorties r\u00e9guli\u00e8res des vaches en plein air<br \/>\u00b7Crit\u00e8res de biodiversit\u00e9 \u00e0 respecter pour l\u2019exploitation agricole<\/span><\/p>\n<p>[\/et_pb_text][\/et_pb_column][\/et_pb_row][et_pb_row _builder_version=\u00a0\u00bb4.19.5&Prime; _module_preset=\u00a0\u00bbdefault\u00a0\u00bb global_colors_info=\u00a0\u00bb{}\u00a0\u00bb][et_pb_column type=\u00a0\u00bb4_4&Prime; _builder_version=\u00a0\u00bb4.19.5&Prime; _module_preset=\u00a0\u00bbdefault\u00a0\u00bb global_colors_info=\u00a0\u00bb{}\u00a0\u00bb][et_pb_text _builder_version=\u00a0\u00bb4.19.5&Prime; _module_preset=\u00a0\u00bbdefault\u00a0\u00bb global_colors_info=\u00a0\u00bb{}\u00a0\u00bb]<\/p>\n<p><span>Notre lait est \u00e9galement disponible en qualit\u00e9 biologique. Ces diff\u00e9rents labels, tous deux gages de qualit\u00e9, permettent de r\u00e9pondre aux exigences des consommateurs et de soutenir une agriculture suisse, durable et respectueuse de l&rsquo;environnement.\u00a0<\/span><\/p>\n<p>[\/et_pb_text][et_pb_text _builder_version=\u00a0\u00bb4.19.5&Prime; _module_preset=\u00a0\u00bbdefault\u00a0\u00bb global_colors_info=\u00a0\u00bb{}\u00a0\u00bb]<\/p>\n<h3 style=\"text-align: justify;\">La production du lait :<\/h3>\n<p style=\"text-align: justify;\"><span>Nous acheminons le lait collect\u00e9 rapidement vers notre laiterie de Vuisternens-en-Ogoz. L\u00e0, nous le contr\u00f4lons minutieusement avant sa transformation. Le lait subit ensuite une pasteurisation assurant ainsi sa conservation. Elle m\u00e9nage cependant ses caract\u00e9ristiques nutritionnelles et organoleptiques. C&rsquo;est ce qui le diff\u00e9rencie d&rsquo;un lait UHT, dont le traitement se fait \u00e0 une temp\u00e9rature beaucoup plus \u00e9lev\u00e9e. Apr\u00e8s un conditionnement en bouteille, Milco livre le lait pasteuris\u00e9 dans la journ\u00e9e et se retrouve ainsi le lendemain d\u00e9j\u00e0 dans les magasins de nos principaux clients.<\/span><\/p>\n<p>[\/et_pb_text][\/et_pb_column][\/et_pb_row][\/et_pb_section]<\/p>\n","protected":false},"excerpt":{"rendered":"<p>Notre lait pasteuris\u00e9<div class=\"et_pb_module dica_divi_carousel dica_divi_carousel_0\">\n\t\t\t\t\n\t\t\t\t\n\t\t\t\t\n\t\t\t\t\n\t\t\t\t\n\t\t\t\t\n\t\t\t\t<div class=\"et_pb_module_inner\">\n\t\t\t\t\t<div class=\"dica-container  desktop_middle-inside tablet_middle-inside mobile_middle-inside\" data-props='{\"desktop\":\"4\",\"tablet\":\"3\",\"mobile\":\"1\",\"speed\":\"500\",\"arrow\":\"on\",\"dots\":\"off\",\"autoplay\":\"on\",\"autoSpeed\":\"2000\",\"loop\":\"on\",\"item_spacing\":\"40\",\"center_mode\":\"off\",\"slider_effec\":\"1\",\"cover_rotate\":\"50\",\"pause_onhover\":\"on\",\"multislide\":\"off\",\"cfshadow\":\"on\",\"order\":\"0\",\"lazyload\":\"off\",\"lazybefore\":\"off\",\"scroller_effect\":\"off\",\"autowidth\":\"off\",\"item_spacing_tablet\":\"40\",\"item_spacing_phone\":\"40\",\"scroller_speed\":\"4000\",\"hashNavigation\":\"off\",\"simulatetouch\":\"off\",\"allowtouchmove\":\"off\"}'>\r\n\t\t\t\t\t\t\t \t<div class=\"swiper-container\">\r\n\t\t\t\t\t\t\t\t\t<div class=\"swiper-wrapper\"><\/div>\t\r\n\t\t\t\t\t\t\t\t<\/div>\t\r\n\t\t\t\t\t\t\t\t<div class=\"swiper-buttton-container\"><div class=\"swiper-button-prev dica-prev-btn-0\" data-icon=\"4\"><\/div><div class=\"swiper-button-next dica-next-btn-0\" data-icon=\"5\"><\/div><\/div>\r\n\t\t\t\t\t\t\t\t\t\t\t\t\t\t\r\n\t\t\t\t\t\t\t<\/div>\n\t\t\t\t<\/div>\n\t\t\t<\/div><div class=\"et_pb_module dica_divi_carouselitem dica_divi_carouselitem_0 et_clickable\">\n\t\t\t\t\n\t\t\t\t\n\t\t\t\t\n\t\t\t\t\n\t\t\t\t\n\t\t\t\t\n\t\t\t\t<div class=\"et_pb_module_inner\">\n\t\t\t\t\t<div class=\"dica-item image_top\" data-link=\"https:\/\/preprod.milco.ch\/laits\/#laits\"  data-hash=\"dica_divi_carouselitem_0\">\r\n\t\t\t\t\t\t\t\t\t\r\n\t\t\t\t\t\t\t\t\t<div class=\"dica-item-content\">      <h4 class=\"item-title\">Lait drink<\/h4> <h6 class=\"item-subtitle\">1l<\/h6> <\/div>\r\n\t\t\t\t\t\t\t<\/div>\n\t\t\t\t<\/div>\n\t\t\t<\/div><div class=\"et_pb_module dica_divi_carouselitem dica_divi_carouselitem_1 et_clickable\">\n\t\t\t\t\n\t\t\t\t\n\t\t\t\t\n\t\t\t\t\n\t\t\t\t\n\t\t\t\t\n\t\t\t\t<div class=\"et_pb_module_inner\">\n\t\t\t\t\t<div class=\"dica-item image_top\" data-link=\"https:\/\/preprod.milco.ch\/laits\/#laits\"  data-hash=\"dica_divi_carouselitem_1\">\r\n\t\t\t\t\t\t\t\t\t\r\n\t\t\t\t\t\t\t\t\t<div class=\"dica-item-content\">      <h4 class=\"item-title\">Lait entier<\/h4> <h6 class=\"item-subtitle\">1l<\/h6> <\/div>\r\n\t\t\t\t\t\t\t<\/div>\n\t\t\t\t<\/div>\n\t\t\t<\/div><div class=\"et_pb_module dica_divi_carouselitem dica_divi_carouselitem_2\">\n\t\t\t\t\n\t\t\t\t\n\t\t\t\t\n\t\t\t\t\n\t\t\t\t\n\t\t\t\t\n\t\t\t\t<div class=\"et_pb_module_inner\">\n\t\t\t\t\t<div class=\"dica-item image_top\"   data-hash=\"dica_divi_carouselitem_2\">\r\n\t\t\t\t\t\t\t\t\t\r\n\t\t\t\t\t\t\t\t\t<div class=\"dica-item-content\">      <h4 class=\"item-title\">Lait bio<\/h4> <h6 class=\"item-subtitle\">1l<\/h6> <\/div>\r\n\t\t\t\t\t\t\t<\/div>\n\t\t\t\t<\/div>\n\t\t\t<\/div><div class=\"et_pb_module dica_divi_carouselitem dica_divi_carouselitem_3\">\n\t\t\t\t\n\t\t\t\t\n\t\t\t\t\n\t\t\t\t\n\t\t\t\t\n\t\t\t\t\n\t\t\t\t<div class=\"et_pb_module_inner\">\n\t\t\t\t\t<div class=\"dica-item empty-content image_top\"   data-hash=\"dica_divi_carouselitem_3\">\r\n\t\t\t\t\t\t\t\t\t\r\n\t\t\t\t\t\t\t\t\t\r\n\t\t\t\t\t\t\t<\/div>\n\t\t\t\t<\/div>\n\t\t\t<\/div><\/p>\n","protected":false},"author":200466051,"featured_media":0,"parent":0,"menu_order":0,"comment_status":"closed","ping_status":"closed","template":"","meta":{"_et_pb_use_builder":"on","_et_pb_old_content":"<!-- wp:divi\/placeholder \/-->","_et_gb_content_width":"","_coblocks_attr":"","_coblocks_dimensions":"","_coblocks_responsive_height":"","_coblocks_accordion_ie_support":"","footnotes":""},"class_list":["post-3405","page","type-page","status-publish","hentry"],"yoast_head":"<!-- This site is optimized with the Yoast SEO plugin v21.8 - https:\/\/yoast.com\/wordpress\/plugins\/seo\/ -->\n<title>Laits - Milco<\/title>\n<meta name=\"robots\" content=\"noindex, follow, max-snippet:-1, max-image-preview:large, max-video-preview:-1\" \/>\n<meta property=\"og:locale\" content=\"fr_FR\" \/>\n<meta property=\"og:type\" content=\"article\" \/>\n<meta property=\"og:title\" content=\"Laits - Milco\" \/>\n<meta property=\"og:description\" content=\"Notre lait pasteuris\u00e9\" \/>\n<meta property=\"og:url\" content=\"https:\/\/preprod.milco.ch\/?page_id=3405\" \/>\n<meta property=\"og:site_name\" content=\"Milco\" \/>\n<meta property=\"article:publisher\" content=\"https:\/\/www.facebook.com\/profile.php?id=100063662438463\" \/>\n<meta property=\"article:modified_time\" content=\"2023-07-05T14:30:32+00:00\" \/>\n<meta property=\"og:image\" content=\"https:\/\/preprod.milco.ch\/wp-content\/uploads\/2023\/06\/lait_frais_bouteille_1l_drink_BD-150x300.png\" \/>\n<meta name=\"twitter:card\" content=\"summary_large_image\" \/>\n<script type=\"application\/ld+json\" class=\"yoast-schema-graph\">{\"@context\":\"https:\/\/schema.org\",\"@graph\":[{\"@type\":\"WebPage\",\"@id\":\"https:\/\/preprod.milco.ch\/?page_id=3405\",\"url\":\"https:\/\/preprod.milco.ch\/?page_id=3405\",\"name\":\"Laits - Milco\",\"isPartOf\":{\"@id\":\"https:\/\/preprod.milco.ch\/#website\"},\"datePublished\":\"2023-04-12T12:30:26+00:00\",\"dateModified\":\"2023-07-05T14:30:32+00:00\",\"breadcrumb\":{\"@id\":\"https:\/\/preprod.milco.ch\/?page_id=3405#breadcrumb\"},\"inLanguage\":\"fr-FR\",\"potentialAction\":[{\"@type\":\"ReadAction\",\"target\":[\"https:\/\/preprod.milco.ch\/?page_id=3405\"]}]},{\"@type\":\"BreadcrumbList\",\"@id\":\"https:\/\/preprod.milco.ch\/?page_id=3405#breadcrumb\",\"itemListElement\":[{\"@type\":\"ListItem\",\"position\":1,\"name\":\"Accueil\",\"item\":\"https:\/\/preprod.milco.ch\/\"},{\"@type\":\"ListItem\",\"position\":2,\"name\":\"Laits\"}]},{\"@type\":\"WebSite\",\"@id\":\"https:\/\/preprod.milco.ch\/#website\",\"url\":\"https:\/\/preprod.milco.ch\/\",\"name\":\"Milco\",\"description\":\"Laiterie \/ Fromagerie du Pays de Fribourg\",\"potentialAction\":[{\"@type\":\"SearchAction\",\"target\":{\"@type\":\"EntryPoint\",\"urlTemplate\":\"https:\/\/preprod.milco.ch\/?s={search_term_string}\"},\"query-input\":\"required name=search_term_string\"}],\"inLanguage\":\"fr-FR\"}]}<\/script>\n<!-- \/ Yoast SEO plugin. -->","yoast_head_json":{"title":"Laits - Milco","robots":{"index":"noindex","follow":"follow","max-snippet":"max-snippet:-1","max-image-preview":"max-image-preview:large","max-video-preview":"max-video-preview:-1"},"og_locale":"fr_FR","og_type":"article","og_title":"Laits - Milco","og_description":"Notre lait pasteuris\u00e9","og_url":"https:\/\/preprod.milco.ch\/?page_id=3405","og_site_name":"Milco","article_publisher":"https:\/\/www.facebook.com\/profile.php?id=100063662438463","article_modified_time":"2023-07-05T14:30:32+00:00","og_image":[{"url":"https:\/\/preprod.milco.ch\/wp-content\/uploads\/2023\/06\/lait_frais_bouteille_1l_drink_BD-150x300.png"}],"twitter_card":"summary_large_image","schema":{"@context":"https:\/\/schema.org","@graph":[{"@type":"WebPage","@id":"https:\/\/preprod.milco.ch\/?page_id=3405","url":"https:\/\/preprod.milco.ch\/?page_id=3405","name":"Laits - Milco","isPartOf":{"@id":"https:\/\/preprod.milco.ch\/#website"},"datePublished":"2023-04-12T12:30:26+00:00","dateModified":"2023-07-05T14:30:32+00:00","breadcrumb":{"@id":"https:\/\/preprod.milco.ch\/?page_id=3405#breadcrumb"},"inLanguage":"fr-FR","potentialAction":[{"@type":"ReadAction","target":["https:\/\/preprod.milco.ch\/?page_id=3405"]}]},{"@type":"BreadcrumbList","@id":"https:\/\/preprod.milco.ch\/?page_id=3405#breadcrumb","itemListElement":[{"@type":"ListItem","position":1,"name":"Accueil","item":"https:\/\/preprod.milco.ch\/"},{"@type":"ListItem","position":2,"name":"Laits"}]},{"@type":"WebSite","@id":"https:\/\/preprod.milco.ch\/#website","url":"https:\/\/preprod.milco.ch\/","name":"Milco","description":"Laiterie \/ Fromagerie du Pays de Fribourg","potentialAction":[{"@type":"SearchAction","target":{"@type":"EntryPoint","urlTemplate":"https:\/\/preprod.milco.ch\/?s={search_term_string}"},"query-input":"required name=search_term_string"}],"inLanguage":"fr-FR"}]}},"amp_enabled":true,"_links":{"self":[{"href":"https:\/\/preprod.milco.ch\/index.php?rest_route=\/wp\/v2\/pages\/3405","targetHints":{"allow":["GET"]}}],"collection":[{"href":"https:\/\/preprod.milco.ch\/index.php?rest_route=\/wp\/v2\/pages"}],"about":[{"href":"https:\/\/preprod.milco.ch\/index.php?rest_route=\/wp\/v2\/types\/page"}],"author":[{"embeddable":true,"href":"https:\/\/preprod.milco.ch\/index.php?rest_route=\/wp\/v2\/users\/200466051"}],"replies":[{"embeddable":true,"href":"https:\/\/preprod.milco.ch\/index.php?rest_route=%2Fwp%2Fv2%2Fcomments&post=3405"}],"version-history":[{"count":0,"href":"https:\/\/preprod.milco.ch\/index.php?rest_route=\/wp\/v2\/pages\/3405\/revisions"}],"wp:attachment":[{"href":"https:\/\/preprod.milco.ch\/index.php?rest_route=%2Fwp%2Fv2%2Fmedia&parent=3405"}],"curies":[{"name":"wp","href":"https:\/\/api.w.org\/{rel}","templated":true}]}}