{"id":3403,"date":"2023-04-12T14:29:00","date_gmt":"2023-04-12T12:29:00","guid":{"rendered":"https:\/\/preprod.milco.ch\/?page_id=3403"},"modified":"2023-08-24T15:22:16","modified_gmt":"2023-08-24T13:22:16","slug":"beurres","status":"publish","type":"page","link":"https:\/\/preprod.milco.ch\/?page_id=3403","title":{"rendered":"Beurres"},"content":{"rendered":"<p>[et_pb_section fb_built=\u00a0\u00bb1&Prime; _builder_version=\u00a0\u00bb4.19.5&Prime; _module_preset=\u00a0\u00bbdefault\u00a0\u00bb background_image=\u00a0\u00bbhttps:\/\/preprod.milco.ch\/wp-content\/uploads\/2023\/06\/iStock-154949149-scaled.jpg\u00a0\u00bb background_position=\u00a0\u00bbbottom_center\u00a0\u00bb background_vertical_offset=\u00a0\u00bb44%\u00a0\u00bb width=\u00a0\u00bb100%\u00a0\u00bb max_width=\u00a0\u00bb100%\u00a0\u00bb min_height=\u00a0\u00bb350px\u00a0\u00bb global_colors_info=\u00a0\u00bb{}\u00a0\u00bb][\/et_pb_section][et_pb_section fb_built=\u00a0\u00bb1&Prime; module_id=\u00a0\u00bbbeurre\u00a0\u00bb _builder_version=\u00a0\u00bb4.17.6&Prime; _module_preset=\u00a0\u00bbdefault\u00a0\u00bb background_color=\u00a0\u00bb#FFFFFF\u00a0\u00bb global_colors_info=\u00a0\u00bb{}\u00a0\u00bb][et_pb_row _builder_version=\u00a0\u00bb4.19.5&Prime; _module_preset=\u00a0\u00bbdefault\u00a0\u00bb background_color=\u00a0\u00bbrgba(143,143,143,0.08)\u00a0\u00bb width=\u00a0\u00bb100%\u00a0\u00bb max_width=\u00a0\u00bb2560px\u00a0\u00bb custom_margin=\u00a0\u00bb-55px||||false|false\u00a0\u00bb global_colors_info=\u00a0\u00bb{}\u00a0\u00bb][et_pb_column type=\u00a0\u00bb4_4&Prime; _builder_version=\u00a0\u00bb4.17.6&Prime; _module_preset=\u00a0\u00bbdefault\u00a0\u00bb global_colors_info=\u00a0\u00bb{}\u00a0\u00bb][et_pb_text _builder_version=\u00a0\u00bb4.19.5&Prime; _module_preset=\u00a0\u00bbdefault\u00a0\u00bb global_colors_info=\u00a0\u00bb{}\u00a0\u00bb]<\/p>\n<h1 style=\"text-align: center;\"><strong>Le beurre de baratte, le v\u00e9ritable ar\u00f4me du beurre \u00e0 l&rsquo;ancienne.<\/strong><\/h1>\n<p>[\/et_pb_text][\/et_pb_column][\/et_pb_row][et_pb_row _builder_version=\u00a0\u00bb4.17.6&Prime; _module_preset=\u00a0\u00bbdefault\u00a0\u00bb custom_margin=\u00a0\u00bb|auto||auto|false|false\u00a0\u00bb global_colors_info=\u00a0\u00bb{}\u00a0\u00bb][et_pb_column type=\u00a0\u00bb4_4&Prime; _builder_version=\u00a0\u00bb4.16&Prime; _module_preset=\u00a0\u00bbdefault\u00a0\u00bb global_colors_info=\u00a0\u00bb{}\u00a0\u00bb][dica_divi_carousel loop=\u00a0\u00bbon\u00a0\u00bb autoplay=\u00a0\u00bbon\u00a0\u00bb hoverpause=\u00a0\u00bbon\u00a0\u00bb autoplay_speed=\u00a0\u00bb2000&Prime; arrow_nav=\u00a0\u00bbon\u00a0\u00bb item_spacing=\u00a0\u00bb40&Prime; item_vertical_align=\u00a0\u00bbflex-end\u00a0\u00bb lazy_loading=\u00a0\u00bbon\u00a0\u00bb advanced_effect=\u00a0\u00bb1&Prime; arrow_bg_color=\u00a0\u00bbrgba(255,255,255,0)\u00a0\u00bb _builder_version=\u00a0\u00bb4.19.5&Prime; _module_preset=\u00a0\u00bbdefault\u00a0\u00bb title_text_align=\u00a0\u00bbcenter\u00a0\u00bb global_colors_info=\u00a0\u00bb{}\u00a0\u00bb][dica_divi_carouselitem title=\u00a0\u00bbBeurre de Baratte\u00a0\u00bb sub_title=\u00a0\u00bb150g\u00a0\u00bb button_url_new_window=\u00a0\u00bb1&Prime; title_position=\u00a0\u00bbbottom\u00a0\u00bb subtitle_position=\u00a0\u00bbbottom\u00a0\u00bb _builder_version=\u00a0\u00bb4.19.5&Prime; _module_preset=\u00a0\u00bbdefault\u00a0\u00bb subtitle_text_align=\u00a0\u00bbcenter\u00a0\u00bb subtitle_font_size=\u00a0\u00bb14px\u00a0\u00bb subtitle_line_height=\u00a0\u00bb1em\u00a0\u00bb link_option_url=\u00a0\u00bbhttps:\/\/preprod.milco.ch\/beurres\/#beurre\u00a0\u00bb global_colors_info=\u00a0\u00bb{}\u00a0\u00bb]<\/p>\n<p><img decoding=\"async\" src=\"https:\/\/preprod.milco.ch\/wp-content\/uploads\/2021\/07\/milco_beurre_150g_visuel_2020_bd-300x220.png\" width=\"300\" height=\"220\" alt=\"\" class=\"wp-image-728 alignnone size-medium\" style=\"display: block; margin-left: auto; margin-right: auto;\" \/><\/p>\n<p>[\/dica_divi_carouselitem][dica_divi_carouselitem title=\u00a0\u00bbBeurre de Baratte bio\u00a0\u00bb sub_title=\u00a0\u00bb150g\u00a0\u00bb button_url_new_window=\u00a0\u00bb1&Prime; title_position=\u00a0\u00bbbottom\u00a0\u00bb subtitle_position=\u00a0\u00bbbottom\u00a0\u00bb _builder_version=\u00a0\u00bb4.19.5&Prime; _module_preset=\u00a0\u00bbdefault\u00a0\u00bb subtitle_text_align=\u00a0\u00bbcenter\u00a0\u00bb subtitle_font_size=\u00a0\u00bb14px\u00a0\u00bb link_option_url=\u00a0\u00bbhttps:\/\/preprod.milco.ch\/beurres\/#beurre\u00a0\u00bb subtitle_letter_spacing_tablet=\u00a0\u00bb\u00a0\u00bb subtitle_letter_spacing_phone=\u00a0\u00bb\u00a0\u00bb subtitle_letter_spacing_last_edited=\u00a0\u00bbon|desktop\u00a0\u00bb global_colors_info=\u00a0\u00bb{}\u00a0\u00bb]<\/p>\n<p><img decoding=\"async\" src=\"https:\/\/preprod.milco.ch\/wp-content\/uploads\/2021\/07\/milco_beurre_150g_bio_visuel_2021_bd-300x220.png\" width=\"300\" height=\"220\" alt=\"\" class=\"wp-image-729 alignnone size-medium\" style=\"display: block; margin-left: auto; margin-right: auto;\" \/><\/p>\n<p>[\/dica_divi_carouselitem][dica_divi_carouselitem title=\u00a0\u00bbBeurre de Baratte doux en portions\u00a0\u00bb sub_title=\u00a0\u00bb100&#215;10 g\u00a0\u00bb button_url_new_window=\u00a0\u00bb1&Prime; title_position=\u00a0\u00bbbottom\u00a0\u00bb subtitle_position=\u00a0\u00bbbottom\u00a0\u00bb _builder_version=\u00a0\u00bb4.19.5&Prime; _module_preset=\u00a0\u00bbdefault\u00a0\u00bb header_line_height=\u00a0\u00bb1em\u00a0\u00bb subtitle_text_align=\u00a0\u00bbcenter\u00a0\u00bb subtitle_font_size=\u00a0\u00bb14px\u00a0\u00bb subtitle_line_height=\u00a0\u00bb1em\u00a0\u00bb link_option_url=\u00a0\u00bbhttps:\/\/preprod.milco.ch\/beurres\/#beurre\u00a0\u00bb global_colors_info=\u00a0\u00bb{}\u00a0\u00bb]<\/p>\n<p><img decoding=\"async\" src=\"https:\/\/preprod.milco.ch\/wp-content\/uploads\/2021\/07\/milco_beurre_100x10g_doux_visuel_BD-300x240.png\" width=\"300\" height=\"240\" alt=\"\" class=\"wp-image-730 alignnone size-medium\" style=\"display: block; margin-left: auto; margin-right: auto;\" \/><\/p>\n<p>[\/dica_divi_carouselitem][dica_divi_carouselitem title=\u00a0\u00bbBeurre de Baratte sal\u00e9 en portions\u00a0\u00bb sub_title=\u00a0\u00bb100x10g\u00a0\u00bb button_url_new_window=\u00a0\u00bb1&Prime; title_position=\u00a0\u00bbbottom\u00a0\u00bb subtitle_position=\u00a0\u00bbbottom\u00a0\u00bb _builder_version=\u00a0\u00bb4.19.5&Prime; _module_preset=\u00a0\u00bbdefault\u00a0\u00bb subtitle_text_align=\u00a0\u00bbcenter\u00a0\u00bb subtitle_font_size=\u00a0\u00bb14px\u00a0\u00bb link_option_url=\u00a0\u00bbhttps:\/\/preprod.milco.ch\/beurres\/#beurre\u00a0\u00bb global_colors_info=\u00a0\u00bb{}\u00a0\u00bb]<\/p>\n<p><img decoding=\"async\" src=\"https:\/\/preprod.milco.ch\/wp-content\/uploads\/2021\/07\/milco_beurre_100x10g_sel_visuel_BD-300x240.png\" width=\"300\" height=\"240\" alt=\"\" class=\"wp-image-731 alignnone size-medium\" style=\"display: block; margin-left: auto; margin-right: auto;\" \/><\/p>\n<p>[\/dica_divi_carouselitem][\/dica_divi_carousel][et_pb_text _builder_version=\u00a0\u00bb4.19.5&Prime; _module_preset=\u00a0\u00bbdefault\u00a0\u00bb text_font=\u00a0\u00bbRoboto Condensed||||||||\u00a0\u00bb text_font_size=\u00a0\u00bb20px\u00a0\u00bb header_2_font=\u00a0\u00bbOswald||||||||\u00a0\u00bb global_colors_info=\u00a0\u00bb{}\u00a0\u00bb]<\/p>\n<p style=\"text-align: justify;\">Le beurre Milco se caract\u00e9rise par l&rsquo;ar\u00f4me typique du beurre \u00e0 l&rsquo;ancienne. Une maturation lente de la cr\u00e8me par des ferments lactiques s\u00e9lectionn\u00e9s permet de retrouver le v\u00e9ritable go\u00fbt d&rsquo;antan. Ce beurre de choix est fabriqu\u00e9 en baratte et est moul\u00e9 selon la m\u00e9thode traditionnelle.<\/p>\n<h2 style=\"text-align: justify;\"><strong>La production<\/strong><\/h2>\n<p style=\"text-align: justify;\">Le beurre s&rsquo;obtient \u00e0 partir de la cr\u00e8me de lait frais. Apr\u00e8s pasteurisation, on ajoute des cultures lactiques qui vont faire maturer la cr\u00e8me pendant 12 \u00e0 18 heures. Ce processus va lui conf\u00e9rer tout l&rsquo;ar\u00f4me typique du beurre d&rsquo;antan. Ensuite la cr\u00e8me est baratt\u00e9e selon la m\u00e9thode artisanale jusqu&rsquo;\u00e0 l&rsquo;obtention de grains de beurre et de babeurre. Les grains de beurre sont s\u00e9par\u00e9s du babeurre et malax\u00e9s \u00e0 nouveau pour permettre l\u2019homog\u00e9n\u00e9it\u00e9 du produit.<\/p>\n<p style=\"text-align: justify;\">Le beurre est ensuite moul\u00e9 en plaque de 150g ou des mottes de 5kg et 10 kg.<\/p>\n<p style=\"text-align: justify;\">Le beurre Milco se trouve \u00e9galement en beurre bio.<\/p>\n<p>[\/et_pb_text][et_pb_text _builder_version=\u00a0\u00bb4.19.5&Prime; _module_preset=\u00a0\u00bbdefault\u00a0\u00bb global_colors_info=\u00a0\u00bb{}\u00a0\u00bb]<\/p>\n<h2 style=\"text-align: justify;\">Le beurre Milco en portions<o:p><\/o:p><\/h2>\n<p style=\"text-align: justify;\">Nos beurres doux et demi-sel au sel des Alpes de la Saline de Bex sont \u00e9galement disponibles en portions de 10g pour les restaurants ainsi que pour l&rsquo;h\u00f4tellerie. <o:p><\/o:p><\/p>\n<p style=\"text-align: justify;\">Sur un simple morceau de bon pain ou en touche finale de mets raffin\u00e9s, notre beurre Milco comblera les papilles des plus fins gourmets !<o:p><\/o:p><\/p>\n<p>[\/et_pb_text][et_pb_cta title=\u00a0\u00bbId\u00e9e de recette\u00a0\u00bb button_url=\u00a0\u00bbhttps:\/\/preprod.milco.ch\/recettes\/#tresse\u00a0\u00bb button_text=\u00a0\u00bbRejoignez-nous ici\u00a0\u00bb _builder_version=\u00a0\u00bb4.21.0&Prime; _module_preset=\u00a0\u00bbdefault\u00a0\u00bb header_font=\u00a0\u00bb|800|||||||\u00a0\u00bb header_text_color=\u00a0\u00bb#FFFFFF\u00a0\u00bb header_font_size=\u00a0\u00bb50px\u00a0\u00bb body_text_color=\u00a0\u00bb#000000&Prime; background_color=\u00a0\u00bbRGBA(255,255,255,0)\u00a0\u00bb background_image=\u00a0\u00bbhttps:\/\/preprod.milco.ch\/wp-content\/uploads\/2023\/06\/iStock-1182207693.jpg\u00a0\u00bb background_position=\u00a0\u00bbtop_center\u00a0\u00bb background_vertical_offset=\u00a0\u00bb40%\u00a0\u00bb button_alignment=\u00a0\u00bbcenter\u00a0\u00bb hover_enabled=\u00a0\u00bb0&Prime; border_color_all=\u00a0\u00bb#000000&Prime; global_colors_info=\u00a0\u00bb{}\u00a0\u00bb sticky_enabled=\u00a0\u00bb0&Prime;][\/et_pb_cta][\/et_pb_column][\/et_pb_row][\/et_pb_section]<\/p>\n","protected":false},"excerpt":{"rendered":"<p>Le beurre de baratte, le v\u00e9ritable ar\u00f4me du beurre \u00e0 l&rsquo;ancienne.<div class=\"et_pb_module dica_divi_carousel dica_divi_carousel_0\">\n\t\t\t\t\n\t\t\t\t\n\t\t\t\t\n\t\t\t\t\n\t\t\t\t\n\t\t\t\t\n\t\t\t\t<div class=\"et_pb_module_inner\">\n\t\t\t\t\t<div class=\"dica-container  desktop_middle-inside tablet_middle-inside mobile_middle-inside\" data-props='{\"desktop\":\"4\",\"tablet\":\"3\",\"mobile\":\"1\",\"speed\":\"500\",\"arrow\":\"on\",\"dots\":\"off\",\"autoplay\":\"on\",\"autoSpeed\":\"2000\",\"loop\":\"on\",\"item_spacing\":\"40\",\"center_mode\":\"off\",\"slider_effec\":\"1\",\"cover_rotate\":\"50\",\"pause_onhover\":\"on\",\"multislide\":\"off\",\"cfshadow\":\"on\",\"order\":\"0\",\"lazyload\":\"on\",\"lazybefore\":\"off\",\"scroller_effect\":\"off\",\"autowidth\":\"off\",\"item_spacing_tablet\":\"40\",\"item_spacing_phone\":\"40\",\"scroller_speed\":\"4000\",\"hashNavigation\":\"off\",\"simulatetouch\":\"off\",\"allowtouchmove\":\"off\"}'>\r\n\t\t\t\t\t\t\t \t<div class=\"swiper-container\">\r\n\t\t\t\t\t\t\t\t\t<div class=\"swiper-wrapper\"><\/div>\t\r\n\t\t\t\t\t\t\t\t<\/div>\t\r\n\t\t\t\t\t\t\t\t<div class=\"swiper-buttton-container\"><div class=\"swiper-button-prev dica-prev-btn-0\" data-icon=\"4\"><\/div><div class=\"swiper-button-next dica-next-btn-0\" data-icon=\"5\"><\/div><\/div>\r\n\t\t\t\t\t\t\t\t\t\t\t\t\t\t\r\n\t\t\t\t\t\t\t<\/div>\n\t\t\t\t<\/div>\n\t\t\t<\/div><div class=\"et_pb_module dica_divi_carouselitem dica_divi_carouselitem_0 et_clickable\">\n\t\t\t\t\n\t\t\t\t\n\t\t\t\t\n\t\t\t\t\n\t\t\t\t\n\t\t\t\t\n\t\t\t\t<div class=\"et_pb_module_inner\">\n\t\t\t\t\t<div class=\"dica-item image_top swiper-lazy loading\" data-link=\"https:\/\/preprod.milco.ch\/beurres\/#beurre\"  data-hash=\"dica_divi_carouselitem_0\">\r\n\t\t\t\t\t\t\t\t\t\r\n\t\t\t\t\t\t\t\t\t<div class=\"dica-item-content\">      <h4 class=\"item-title\">Beurre de Baratte<\/h4> <h6 class=\"item-subtitle\">150g<\/h6> <\/div>\r\n\t\t\t\t\t\t\t<\/div>\n\t\t\t\t<\/div>\n\t\t\t<\/div><div class=\"et_pb_module dica_divi_carouselitem dica_divi_carouselitem_1 et_clickable\">\n\t\t\t\t\n\t\t\t\t\n\t\t\t\t\n\t\t\t\t\n\t\t\t\t\n\t\t\t\t\n\t\t\t\t<div class=\"et_pb_module_inner\">\n\t\t\t\t\t<div class=\"dica-item image_top swiper-lazy loading\" data-link=\"\u00bbhttps:\/\/preprod.milco.ch\/beurres\/#beurre\"  data-hash=\"dica_divi_carouselitem_1\">\r\n\t\t\t\t\t\t\t\t\t\r\n\t\t\t\t\t\t\t\t\t<div class=\"dica-item-content\">        <\/div>\r\n\t\t\t\t\t\t\t<\/div>\n\t\t\t\t<\/div>\n\t\t\t<\/div><\/p>\n","protected":false},"author":200466051,"featured_media":0,"parent":0,"menu_order":0,"comment_status":"closed","ping_status":"closed","template":"","meta":{"_et_pb_use_builder":"on","_et_pb_old_content":"<!-- wp:divi\/placeholder \/-->","_et_gb_content_width":"","_coblocks_attr":"","_coblocks_dimensions":"","_coblocks_responsive_height":"","_coblocks_accordion_ie_support":"","footnotes":""},"class_list":["post-3403","page","type-page","status-publish","hentry"],"yoast_head":"<!-- This site is optimized with the Yoast SEO plugin v21.8 - https:\/\/yoast.com\/wordpress\/plugins\/seo\/ -->\n<title>Beurres - Milco<\/title>\n<meta name=\"robots\" content=\"noindex, follow, max-snippet:-1, max-image-preview:large, max-video-preview:-1\" \/>\n<meta property=\"og:locale\" content=\"fr_FR\" \/>\n<meta property=\"og:type\" content=\"article\" \/>\n<meta property=\"og:title\" content=\"Beurres - Milco\" \/>\n<meta property=\"og:description\" content=\"Le beurre de baratte, le v\u00e9ritable ar\u00f4me du beurre \u00e0 l&#039;ancienne.\" \/>\n<meta property=\"og:url\" content=\"https:\/\/preprod.milco.ch\/?page_id=3403\" \/>\n<meta property=\"og:site_name\" content=\"Milco\" \/>\n<meta property=\"article:publisher\" content=\"https:\/\/www.facebook.com\/profile.php?id=100063662438463\" \/>\n<meta property=\"article:modified_time\" content=\"2023-08-24T13:22:16+00:00\" \/>\n<meta property=\"og:image\" content=\"https:\/\/preprod.milco.ch\/wp-content\/uploads\/2021\/07\/milco_beurre_150g_visuel_2020_bd-300x220.png\" \/>\n<meta name=\"twitter:card\" content=\"summary_large_image\" \/>\n<script type=\"application\/ld+json\" class=\"yoast-schema-graph\">{\"@context\":\"https:\/\/schema.org\",\"@graph\":[{\"@type\":\"WebPage\",\"@id\":\"https:\/\/preprod.milco.ch\/?page_id=3403\",\"url\":\"https:\/\/preprod.milco.ch\/?page_id=3403\",\"name\":\"Beurres - Milco\",\"isPartOf\":{\"@id\":\"https:\/\/preprod.milco.ch\/#website\"},\"datePublished\":\"2023-04-12T12:29:00+00:00\",\"dateModified\":\"2023-08-24T13:22:16+00:00\",\"breadcrumb\":{\"@id\":\"https:\/\/preprod.milco.ch\/?page_id=3403#breadcrumb\"},\"inLanguage\":\"fr-FR\",\"potentialAction\":[{\"@type\":\"ReadAction\",\"target\":[\"https:\/\/preprod.milco.ch\/?page_id=3403\"]}]},{\"@type\":\"BreadcrumbList\",\"@id\":\"https:\/\/preprod.milco.ch\/?page_id=3403#breadcrumb\",\"itemListElement\":[{\"@type\":\"ListItem\",\"position\":1,\"name\":\"Accueil\",\"item\":\"https:\/\/preprod.milco.ch\/\"},{\"@type\":\"ListItem\",\"position\":2,\"name\":\"Beurres\"}]},{\"@type\":\"WebSite\",\"@id\":\"https:\/\/preprod.milco.ch\/#website\",\"url\":\"https:\/\/preprod.milco.ch\/\",\"name\":\"Milco\",\"description\":\"Laiterie \/ Fromagerie du Pays de Fribourg\",\"potentialAction\":[{\"@type\":\"SearchAction\",\"target\":{\"@type\":\"EntryPoint\",\"urlTemplate\":\"https:\/\/preprod.milco.ch\/?s={search_term_string}\"},\"query-input\":\"required name=search_term_string\"}],\"inLanguage\":\"fr-FR\"}]}<\/script>\n<!-- \/ Yoast SEO plugin. -->","yoast_head_json":{"title":"Beurres - Milco","robots":{"index":"noindex","follow":"follow","max-snippet":"max-snippet:-1","max-image-preview":"max-image-preview:large","max-video-preview":"max-video-preview:-1"},"og_locale":"fr_FR","og_type":"article","og_title":"Beurres - Milco","og_description":"Le beurre de baratte, le v\u00e9ritable ar\u00f4me du beurre \u00e0 l'ancienne.","og_url":"https:\/\/preprod.milco.ch\/?page_id=3403","og_site_name":"Milco","article_publisher":"https:\/\/www.facebook.com\/profile.php?id=100063662438463","article_modified_time":"2023-08-24T13:22:16+00:00","og_image":[{"url":"https:\/\/preprod.milco.ch\/wp-content\/uploads\/2021\/07\/milco_beurre_150g_visuel_2020_bd-300x220.png"}],"twitter_card":"summary_large_image","schema":{"@context":"https:\/\/schema.org","@graph":[{"@type":"WebPage","@id":"https:\/\/preprod.milco.ch\/?page_id=3403","url":"https:\/\/preprod.milco.ch\/?page_id=3403","name":"Beurres - Milco","isPartOf":{"@id":"https:\/\/preprod.milco.ch\/#website"},"datePublished":"2023-04-12T12:29:00+00:00","dateModified":"2023-08-24T13:22:16+00:00","breadcrumb":{"@id":"https:\/\/preprod.milco.ch\/?page_id=3403#breadcrumb"},"inLanguage":"fr-FR","potentialAction":[{"@type":"ReadAction","target":["https:\/\/preprod.milco.ch\/?page_id=3403"]}]},{"@type":"BreadcrumbList","@id":"https:\/\/preprod.milco.ch\/?page_id=3403#breadcrumb","itemListElement":[{"@type":"ListItem","position":1,"name":"Accueil","item":"https:\/\/preprod.milco.ch\/"},{"@type":"ListItem","position":2,"name":"Beurres"}]},{"@type":"WebSite","@id":"https:\/\/preprod.milco.ch\/#website","url":"https:\/\/preprod.milco.ch\/","name":"Milco","description":"Laiterie \/ Fromagerie du Pays de Fribourg","potentialAction":[{"@type":"SearchAction","target":{"@type":"EntryPoint","urlTemplate":"https:\/\/preprod.milco.ch\/?s={search_term_string}"},"query-input":"required name=search_term_string"}],"inLanguage":"fr-FR"}]}},"amp_enabled":true,"_links":{"self":[{"href":"https:\/\/preprod.milco.ch\/index.php?rest_route=\/wp\/v2\/pages\/3403","targetHints":{"allow":["GET"]}}],"collection":[{"href":"https:\/\/preprod.milco.ch\/index.php?rest_route=\/wp\/v2\/pages"}],"about":[{"href":"https:\/\/preprod.milco.ch\/index.php?rest_route=\/wp\/v2\/types\/page"}],"author":[{"embeddable":true,"href":"https:\/\/preprod.milco.ch\/index.php?rest_route=\/wp\/v2\/users\/200466051"}],"replies":[{"embeddable":true,"href":"https:\/\/preprod.milco.ch\/index.php?rest_route=%2Fwp%2Fv2%2Fcomments&post=3403"}],"version-history":[{"count":0,"href":"https:\/\/preprod.milco.ch\/index.php?rest_route=\/wp\/v2\/pages\/3403\/revisions"}],"wp:attachment":[{"href":"https:\/\/preprod.milco.ch\/index.php?rest_route=%2Fwp%2Fv2%2Fmedia&parent=3403"}],"curies":[{"name":"wp","href":"https:\/\/api.w.org\/{rel}","templated":true}]}}