{"id":2234,"date":"2022-10-05T14:04:30","date_gmt":"2022-10-05T12:04:30","guid":{"rendered":"https:\/\/preprod.milco.ch\/?page_id=2234"},"modified":"2024-01-09T16:06:25","modified_gmt":"2024-01-09T15:06:25","slug":"offres-demploi","status":"publish","type":"page","link":"https:\/\/preprod.milco.ch\/?page_id=2234","title":{"rendered":"Offres d&#8217;emploi"},"content":{"rendered":"\n[et_pb_section fb_built=\u00a0\u00bb1&Prime; admin_label=\u00a0\u00bbsection\u00a0\u00bb _builder_version=\u00a0\u00bb4.19.5&Prime; background_image=\u00a0\u00bbhttps:\/\/preprod.milco.ch\/wp-content\/uploads\/2023\/04\/Image2-scaled.jpg\u00a0\u00bb background_position=\u00a0\u00bbtop_center\u00a0\u00bb background_vertical_offset=\u00a0\u00bb27%\u00a0\u00bb width=\u00a0\u00bb100%\u00a0\u00bb max_width=\u00a0\u00bb100%\u00a0\u00bb min_height=\u00a0\u00bb350px\u00a0\u00bb global_colors_info=\u00a0\u00bb{}\u00a0\u00bb][et_pb_row admin_label=\u00a0\u00bbrow\u00a0\u00bb _builder_version=\u00a0\u00bb4.16&Prime; background_size=\u00a0\u00bbinitial\u00a0\u00bb background_position=\u00a0\u00bbtop_left\u00a0\u00bb background_repeat=\u00a0\u00bbrepeat\u00a0\u00bb global_colors_info=\u00a0\u00bb{}\u00a0\u00bb][et_pb_column type=\u00a0\u00bb4_4&Prime; _builder_version=\u00a0\u00bb4.16&Prime; custom_padding=\u00a0\u00bb|||\u00a0\u00bb global_colors_info=\u00a0\u00bb{}\u00a0\u00bb custom_padding__hover=\u00a0\u00bb|||\u00a0\u00bb][et_pb_text admin_label=\u00a0\u00bbText\u00a0\u00bb _builder_version=\u00a0\u00bb4.16&Prime; background_size=\u00a0\u00bbinitial\u00a0\u00bb background_position=\u00a0\u00bbtop_left\u00a0\u00bb background_repeat=\u00a0\u00bbrepeat\u00a0\u00bb global_colors_info=\u00a0\u00bb{}\u00a0\u00bb][\/et_pb_text][\/et_pb_column][\/et_pb_row][\/et_pb_section][et_pb_section fb_built=\u00a0\u00bb1&Prime; _builder_version=\u00a0\u00bb4.17.6&Prime; _module_preset=\u00a0\u00bbdefault\u00a0\u00bb global_colors_info=\u00a0\u00bb{}\u00a0\u00bb][et_pb_row _builder_version=\u00a0\u00bb4.19.5&Prime; _module_preset=\u00a0\u00bbdefault\u00a0\u00bb background_color=\u00a0\u00bb#f6f6f6&Prime; width=\u00a0\u00bb100%\u00a0\u00bb max_width=\u00a0\u00bb2560px\u00a0\u00bb custom_margin=\u00a0\u00bb-55px||||false|false\u00a0\u00bb global_colors_info=\u00a0\u00bb{}\u00a0\u00bb][et_pb_column type=\u00a0\u00bb4_4&Prime; _builder_version=\u00a0\u00bb4.17.6&Prime; _module_preset=\u00a0\u00bbdefault\u00a0\u00bb global_colors_info=\u00a0\u00bb{}\u00a0\u00bb][et_pb_text _builder_version=\u00a0\u00bb4.19.5&Prime; _module_preset=\u00a0\u00bbdefault\u00a0\u00bb global_colors_info=\u00a0\u00bb{}\u00a0\u00bb]<h1 style=\"text-align: center;\">Offres d&#8217;emploi actuelles<\/h1>[\/et_pb_text][\/et_pb_column][\/et_pb_row][\/et_pb_section][et_pb_section fb_built=\u00a0\u00bb1&Prime; _builder_version=\u00a0\u00bb4.19.5&Prime; _module_preset=\u00a0\u00bbdefault\u00a0\u00bb min_height=\u00a0\u00bb1130.4px\u00a0\u00bb custom_margin=\u00a0\u00bb-50px||||false|false\u00a0\u00bb global_colors_info=\u00a0\u00bb{}\u00a0\u00bb][et_pb_row _builder_version=\u00a0\u00bb4.23.1&Prime; _module_preset=\u00a0\u00bbdefault\u00a0\u00bb global_colors_info=\u00a0\u00bb{}\u00a0\u00bb][et_pb_column type=\u00a0\u00bb4_4&Prime; _builder_version=\u00a0\u00bb4.23.1&Prime; _module_preset=\u00a0\u00bbdefault\u00a0\u00bb global_colors_info=\u00a0\u00bb{}\u00a0\u00bb][et_pb_text _builder_version=\u00a0\u00bb4.23.1&Prime; _module_preset=\u00a0\u00bbdefault\u00a0\u00bb global_colors_info=\u00a0\u00bb{}\u00a0\u00bb]<p>Milco SA est active dans la production de sp\u00e9cialit\u00e9s laiti\u00e8res et fromag\u00e8res \u00e0 tr\u00e8s forte emprunte r\u00e9gionale, bas\u00e9e \u00e0 Vuisternens-en-Ogoz.<\/p>\n<p>Pour renforcer nos \u00e9quipes, nous recherchons un ou une :<\/p>\n<p style=\"text-align: center;\"><strong>Technicien de maintenance (H\/F) 100%<\/strong><\/p>\n<p><strong>Vos principales missions et t\u00e2ches :<\/strong><\/p>\n<ul>\n<li>Assurer la maintenance des installations, b\u00e2timents et \u00e9quipements de Milco\u00a0<\/li>\n<li>Organiser et assurer le suivi global des diff\u00e9rentes interventions externes<\/li>\n<li>Participer au plan d\u2019investissement et de maintenance des installations techniques<\/li>\n<li>Organiser la maintenance de mani\u00e8re efficiente\u00a0<\/li>\n<li>Entretenir le mat\u00e9riel et l\u2019organisation de l\u2019atelier<\/li>\n<li>G\u00e9rer les achats en lien avec les installations de production et l\u2019approvisionnement du stock pour l\u2019atelier en respectant la politique d\u2019achat<\/li>\n<li>Assurer le service de piquet\u00a0<\/li>\n<\/ul>\n<p>&nbsp;<\/p>\n<p><strong>Votre profil\u00a0et vos principales comp\u00e9tences\u00a0:<\/strong><\/p>\n<ul>\n<li>CFC d\u2019automaticien ou de polym\u00e9canicien ou formation jug\u00e9e \u00e9quivalente\u00a0<\/li>\n<\/ul>\n<ul>\n<li>Exp\u00e9rience de 3 ans minimum dans la maintenance industrielle\u00a0<\/li>\n<li>Une premi\u00e8re exp\u00e9rience sur les lignes de production automatis\u00e9es serait un atout\u00a0<\/li>\n<li>Bonne capacit\u00e9 d\u2019analyse et de r\u00e9solution de probl\u00e8mes\u00a0<\/li>\n<\/ul>\n<ul>\n<li>Le sens de l\u2019organisation et capable de travailler seul\u00a0<\/li>\n<li>Des connaissances de base en informatique\u00a0<\/li>\n<li>De l\u2019aisance relationnelle et des capacit\u00e9s de n\u00e9gociations\u00a0<\/li>\n<li>Ma\u00eetrise du fran\u00e7ais oral et \u00e9crit<\/li>\n<\/ul>\n<p>&nbsp;<\/p>\n<p><strong>Vos avantages\u00a0:<\/strong><\/p>\n<ul>\n<li>Une activit\u00e9 int\u00e9ressante et vari\u00e9e au sein d\u2019une entreprise dynamique<\/li>\n<li>Un climat et une ambiance de travail motivants<\/li>\n<\/ul>\n<p>&nbsp;<\/p>\n<p><strong>Date d\u2019entr\u00e9e\u00a0:<\/strong> 1<sup>er<\/sup> f\u00e9vrier 2024<\/p>\n<p>&nbsp;<\/p>\n<p>Cette fonction vous int\u00e9resse\u00a0? Merci de nous adresser votre dossier de candidature complet par e-mail \u00e0 l\u2019adresse\u00a0: rh@translait.com<\/p>\n<p>&nbsp;<\/p>[\/et_pb_text][\/et_pb_column][\/et_pb_row][\/et_pb_section][et_pb_section fb_built=\u00a0\u00bb1&Prime; _builder_version=\u00a0\u00bb4.23.1&Prime; _module_preset=\u00a0\u00bbdefault\u00a0\u00bb global_colors_info=\u00a0\u00bb{}\u00a0\u00bb][et_pb_row _builder_version=\u00a0\u00bb4.23.1&Prime; _module_preset=\u00a0\u00bbdefault\u00a0\u00bb global_colors_info=\u00a0\u00bb{}\u00a0\u00bb][et_pb_column type=\u00a0\u00bb4_4&Prime; _builder_version=\u00a0\u00bb4.23.1&Prime; _module_preset=\u00a0\u00bbdefault\u00a0\u00bb global_colors_info=\u00a0\u00bb{}\u00a0\u00bb][et_pb_divider _builder_version=\u00a0\u00bb4.23.1&Prime; _module_preset=\u00a0\u00bbdefault\u00a0\u00bb global_colors_info=\u00a0\u00bb{}\u00a0\u00bb][\/et_pb_divider][\/et_pb_column][\/et_pb_row][\/et_pb_section][et_pb_section fb_built=\u00a0\u00bb1&Prime; _builder_version=\u00a0\u00bb4.19.5&Prime; _module_preset=\u00a0\u00bbdefault\u00a0\u00bb custom_margin=\u00a0\u00bb-50px||||false|false\u00a0\u00bb global_colors_info=\u00a0\u00bb{}\u00a0\u00bb][et_pb_row _builder_version=\u00a0\u00bb4.23.1&Prime; _module_preset=\u00a0\u00bbdefault\u00a0\u00bb global_colors_info=\u00a0\u00bb{}\u00a0\u00bb][et_pb_column type=\u00a0\u00bb4_4&Prime; _builder_version=\u00a0\u00bb4.23.1&Prime; _module_preset=\u00a0\u00bbdefault\u00a0\u00bb global_colors_info=\u00a0\u00bb{}\u00a0\u00bb][et_pb_text _builder_version=\u00a0\u00bb4.23.1&Prime; _module_preset=\u00a0\u00bbdefault\u00a0\u00bb hover_enabled=\u00a0\u00bb0&Prime; global_colors_info=\u00a0\u00bb{}\u00a0\u00bb sticky_enabled=\u00a0\u00bb0&Prime;]<p>Milco SA est active dans la production de sp\u00e9cialit\u00e9s laiti\u00e8res et fromag\u00e8res \u00e0 tr\u00e8s forte emprunte r\u00e9gionale, bas\u00e9e \u00e0 Vuisternens-en-Ogoz.<\/p>\n<p>Pour renforcer nos \u00e9quipes, nous recherchons un ou une :<\/p>\n<p style=\"text-align: center;\"><strong>Collaborateur administratif (H\/F) 80-100%<\/strong><\/p>\n<p><strong>Vos principales missions et t\u00e2ches :<\/strong><\/p>\n<ul>\n<li>Saisir les commandes de vente<\/li>\n<li>G\u00e9rer la facturation des ventes<\/li>\n<li>Assurer l\u2019\u00e9mission des bulletins de commande<\/li>\n<li>G\u00e9rer les commandes vers l\u2019international\u00a0: export, transport, transit douanier<\/li>\n<li>Soutenir le d\u00e9partement logistique dans le travail administratif<\/li>\n<li>Participer \u00e0 l\u2019achat des emballages et mati\u00e8res premi\u00e8res<\/li>\n<li>Assurer la correspondance g\u00e9n\u00e9rale et les diff\u00e9rentes t\u00e2ches administratives\u00a0: t\u00e9l\u00e9phone, r\u00e9ception des visiteurs et \u00e9conomat.<\/li>\n<\/ul>\n<p><span>\u00a0<\/span><\/p>\n<p><strong>Votre profil\u00a0:<\/strong><\/p>\n<ul>\n<li>Vous \u00eates au b\u00e9n\u00e9fice d\u2019une formation de type employ\u00e9 de commerce CFC ou \u00e9quivalent<\/li>\n<li>Vous ma\u00eetrisez le fran\u00e7ais et l\u2019allemand (minimum B2)<\/li>\n<li>Vous avez la capacit\u00e9 de travailler de mani\u00e8re autonome et organis\u00e9e<\/li>\n<li>Vous avez de pr\u00e9f\u00e9rence une exp\u00e9rience pr\u00e9alable dans le domaine agro-alimentaire<\/li>\n<li>Vous ma\u00eetrisez avec aisance les outils informatiques<\/li>\n<li>Vous \u00eates polyvalent et flexible<\/li>\n<\/ul>\n<p>&nbsp;<\/p>\n<p><strong>Vos avantages\u00a0:<\/strong><\/p>\n<ul>\n<li>Une activit\u00e9 int\u00e9ressante et vari\u00e9e au sein d\u2019une entreprise dynamique<\/li>\n<li>Un climat et une ambiance de travail motivants<\/li>\n<\/ul>\n<p>&nbsp;<\/p>\n<p><strong>Date d\u2019entr\u00e9e\u00a0:<\/strong> de suite ou \u00e0 convenir<\/p>\n<p>&nbsp;<\/p>\n<p>Cette fonction vous int\u00e9resse\u00a0? Merci de nous adresser votre dossier de candidature complet par e-mail \u00e0 l\u2019adresse\u00a0: rh@translait.com<\/p>\n<p>&nbsp;<\/p>[\/et_pb_text][\/et_pb_column][\/et_pb_row][\/et_pb_section]\n","protected":false},"excerpt":{"rendered":"<p>Offres d&#8217;emploi actuellesMilco SA est active dans la production de sp\u00e9cialit\u00e9s laiti\u00e8res et fromag\u00e8res \u00e0 tr\u00e8s forte emprunte r\u00e9gionale, bas\u00e9e \u00e0 Vuisternens-en-Ogoz. Pour renforcer nos \u00e9quipes, nous recherchons un ou une : Technicien de maintenance (H\/F) 100% Vos principales missions et t\u00e2ches : Assurer la maintenance des installations, b\u00e2timents et \u00e9quipements de Milco\u00a0 Organiser et [&hellip;]<\/p>\n","protected":false},"author":200466048,"featured_media":0,"parent":0,"menu_order":0,"comment_status":"closed","ping_status":"closed","template":"","meta":{"_et_pb_use_builder":"on","_et_pb_old_content":"<!-- wp:divi\/placeholder \/-->","_et_gb_content_width":"","_coblocks_attr":"","_coblocks_dimensions":"","_coblocks_responsive_height":"","_coblocks_accordion_ie_support":"","footnotes":""},"class_list":["post-2234","page","type-page","status-publish","hentry"],"yoast_head":"<!-- This site is optimized with the Yoast SEO plugin v21.8 - https:\/\/yoast.com\/wordpress\/plugins\/seo\/ -->\n<title>Offres d&#039;emploi - Milco<\/title>\n<meta name=\"robots\" content=\"noindex, follow, max-snippet:-1, max-image-preview:large, max-video-preview:-1\" \/>\n<meta property=\"og:locale\" content=\"fr_FR\" \/>\n<meta property=\"og:type\" content=\"article\" \/>\n<meta property=\"og:title\" content=\"Offres d&#039;emploi - Milco\" \/>\n<meta property=\"og:description\" content=\"Offres d&#039;emploi actuellesMilco SA est active dans la production de sp\u00e9cialit\u00e9s laiti\u00e8res et fromag\u00e8res \u00e0 tr\u00e8s forte emprunte r\u00e9gionale, bas\u00e9e \u00e0 Vuisternens-en-Ogoz. Pour renforcer nos \u00e9quipes, nous recherchons un ou une : Technicien de maintenance (H\/F) 100% Vos principales missions et t\u00e2ches : Assurer la maintenance des installations, b\u00e2timents et \u00e9quipements de Milco\u00a0 Organiser et [&hellip;]\" \/>\n<meta property=\"og:url\" content=\"https:\/\/preprod.milco.ch\/?page_id=2234\" \/>\n<meta property=\"og:site_name\" content=\"Milco\" \/>\n<meta property=\"article:publisher\" content=\"https:\/\/www.facebook.com\/profile.php?id=100063662438463\" \/>\n<meta property=\"article:modified_time\" content=\"2024-01-09T15:06:25+00:00\" \/>\n<meta name=\"twitter:card\" content=\"summary_large_image\" \/>\n<meta name=\"twitter:label1\" content=\"Dur\u00e9e de lecture estim\u00e9e\" \/>\n\t<meta name=\"twitter:data1\" content=\"3 minutes\" \/>\n<script type=\"application\/ld+json\" class=\"yoast-schema-graph\">{\"@context\":\"https:\/\/schema.org\",\"@graph\":[{\"@type\":\"WebPage\",\"@id\":\"https:\/\/preprod.milco.ch\/?page_id=2234\",\"url\":\"https:\/\/preprod.milco.ch\/?page_id=2234\",\"name\":\"Offres d'emploi - Milco\",\"isPartOf\":{\"@id\":\"https:\/\/preprod.milco.ch\/#website\"},\"datePublished\":\"2022-10-05T12:04:30+00:00\",\"dateModified\":\"2024-01-09T15:06:25+00:00\",\"breadcrumb\":{\"@id\":\"https:\/\/preprod.milco.ch\/?page_id=2234#breadcrumb\"},\"inLanguage\":\"fr-FR\",\"potentialAction\":[{\"@type\":\"ReadAction\",\"target\":[\"https:\/\/preprod.milco.ch\/?page_id=2234\"]}]},{\"@type\":\"BreadcrumbList\",\"@id\":\"https:\/\/preprod.milco.ch\/?page_id=2234#breadcrumb\",\"itemListElement\":[{\"@type\":\"ListItem\",\"position\":1,\"name\":\"Accueil\",\"item\":\"https:\/\/preprod.milco.ch\/\"},{\"@type\":\"ListItem\",\"position\":2,\"name\":\"Offres d&#8217;emploi\"}]},{\"@type\":\"WebSite\",\"@id\":\"https:\/\/preprod.milco.ch\/#website\",\"url\":\"https:\/\/preprod.milco.ch\/\",\"name\":\"Milco\",\"description\":\"Laiterie \/ Fromagerie du Pays de Fribourg\",\"potentialAction\":[{\"@type\":\"SearchAction\",\"target\":{\"@type\":\"EntryPoint\",\"urlTemplate\":\"https:\/\/preprod.milco.ch\/?s={search_term_string}\"},\"query-input\":\"required name=search_term_string\"}],\"inLanguage\":\"fr-FR\"}]}<\/script>\n<!-- \/ Yoast SEO plugin. -->","yoast_head_json":{"title":"Offres d'emploi - Milco","robots":{"index":"noindex","follow":"follow","max-snippet":"max-snippet:-1","max-image-preview":"max-image-preview:large","max-video-preview":"max-video-preview:-1"},"og_locale":"fr_FR","og_type":"article","og_title":"Offres d'emploi - Milco","og_description":"Offres d'emploi actuellesMilco SA est active dans la production de sp\u00e9cialit\u00e9s laiti\u00e8res et fromag\u00e8res \u00e0 tr\u00e8s forte emprunte r\u00e9gionale, bas\u00e9e \u00e0 Vuisternens-en-Ogoz. Pour renforcer nos \u00e9quipes, nous recherchons un ou une : Technicien de maintenance (H\/F) 100% Vos principales missions et t\u00e2ches : Assurer la maintenance des installations, b\u00e2timents et \u00e9quipements de Milco\u00a0 Organiser et [&hellip;]","og_url":"https:\/\/preprod.milco.ch\/?page_id=2234","og_site_name":"Milco","article_publisher":"https:\/\/www.facebook.com\/profile.php?id=100063662438463","article_modified_time":"2024-01-09T15:06:25+00:00","twitter_card":"summary_large_image","twitter_misc":{"Dur\u00e9e de lecture estim\u00e9e":"3 minutes"},"schema":{"@context":"https:\/\/schema.org","@graph":[{"@type":"WebPage","@id":"https:\/\/preprod.milco.ch\/?page_id=2234","url":"https:\/\/preprod.milco.ch\/?page_id=2234","name":"Offres d'emploi - Milco","isPartOf":{"@id":"https:\/\/preprod.milco.ch\/#website"},"datePublished":"2022-10-05T12:04:30+00:00","dateModified":"2024-01-09T15:06:25+00:00","breadcrumb":{"@id":"https:\/\/preprod.milco.ch\/?page_id=2234#breadcrumb"},"inLanguage":"fr-FR","potentialAction":[{"@type":"ReadAction","target":["https:\/\/preprod.milco.ch\/?page_id=2234"]}]},{"@type":"BreadcrumbList","@id":"https:\/\/preprod.milco.ch\/?page_id=2234#breadcrumb","itemListElement":[{"@type":"ListItem","position":1,"name":"Accueil","item":"https:\/\/preprod.milco.ch\/"},{"@type":"ListItem","position":2,"name":"Offres d&#8217;emploi"}]},{"@type":"WebSite","@id":"https:\/\/preprod.milco.ch\/#website","url":"https:\/\/preprod.milco.ch\/","name":"Milco","description":"Laiterie \/ Fromagerie du Pays de Fribourg","potentialAction":[{"@type":"SearchAction","target":{"@type":"EntryPoint","urlTemplate":"https:\/\/preprod.milco.ch\/?s={search_term_string}"},"query-input":"required name=search_term_string"}],"inLanguage":"fr-FR"}]}},"amp_enabled":true,"_links":{"self":[{"href":"https:\/\/preprod.milco.ch\/index.php?rest_route=\/wp\/v2\/pages\/2234","targetHints":{"allow":["GET"]}}],"collection":[{"href":"https:\/\/preprod.milco.ch\/index.php?rest_route=\/wp\/v2\/pages"}],"about":[{"href":"https:\/\/preprod.milco.ch\/index.php?rest_route=\/wp\/v2\/types\/page"}],"author":[{"embeddable":true,"href":"https:\/\/preprod.milco.ch\/index.php?rest_route=\/wp\/v2\/users\/200466048"}],"replies":[{"embeddable":true,"href":"https:\/\/preprod.milco.ch\/index.php?rest_route=%2Fwp%2Fv2%2Fcomments&post=2234"}],"version-history":[{"count":0,"href":"https:\/\/preprod.milco.ch\/index.php?rest_route=\/wp\/v2\/pages\/2234\/revisions"}],"wp:attachment":[{"href":"https:\/\/preprod.milco.ch\/index.php?rest_route=%2Fwp%2Fv2%2Fmedia&parent=2234"}],"curies":[{"name":"wp","href":"https:\/\/api.w.org\/{rel}","templated":true}]}}